{"id":454,"date":"2025-04-03T14:26:12","date_gmt":"2025-04-03T14:26:12","guid":{"rendered":"https:\/\/ai-experts.network\/?page_id=454"},"modified":"2025-07-11T06:14:20","modified_gmt":"2025-07-11T06:14:20","slug":"ki-workshops-kompetenzaufbau","status":"publish","type":"page","link":"https:\/\/ai-experts.network\/en\/ki-workshops-kompetenzaufbau\/","title":{"rendered":"Workshops and Knowledge"},"content":{"rendered":"<section class=\"l-section wpb_row us_custom_f0aa17ea height_large\"><div class=\"l-section-h i-cf\"><div class=\"g-cols vc_row via_grid cols_2 laptops-cols_inherit tablets-cols_1 mobiles-cols_1 valign_top type_default stacking_default\" style=\"--columns-gap:1.5rem;\"><div class=\"wpb_column vc_column_container\"><div class=\"vc_column-inner\"><div class=\"wpb_text_column us_custom_4e55af8d has_text_color\"><div class=\"wpb_wrapper\"><h4>Workshops and Knowledge<\/h4>\n<div id=\"gtx-trans\" style=\"position: absolute; left: -6px; top: 30px;\">\n<div class=\"gtx-trans-icon\"><\/div>\n<\/div>\n<\/div><\/div><div class=\"w-separator size_medium\"><\/div><div class=\"wpb_text_column us_custom_0f088a09 has_text_color\"><div class=\"wpb_wrapper\"><h3>Understanding, applying, and thinking ahead with artificial intelligence<\/h3>\n<\/div><\/div><div class=\"w-separator size_small\"><\/div><div class=\"wpb_text_column us_custom_2a294a82\"><div class=\"wpb_wrapper\"><p data-pm-slice=\"1 1 &#091;&#093;\"><span>We prepare your teams for the world of AI. Our training courses impart practical knowledge and tool expertise, as well as an understanding of the potential and limitations of AI.<\/span><\/p>\n<\/div><\/div><div class=\"w-separator size_small\"><\/div><div class=\"w-tabs style_default switch_click accordion type_togglable has_scrolling\" style=\"--sections-title-size:1.2rem\"><div class=\"w-tabs-sections titles-align_none icon_chevron cpos_right\"><div class=\"w-tabs-section has_text_color\" id=\"f50d\"><button class=\"w-tabs-section-header\" aria-controls=\"content-f50d\" aria-expanded=\"false\"><p class=\"w-tabs-section-title\">What to expect<\/p><div class=\"w-tabs-section-control\"><\/div><\/button><div  class=\"w-tabs-section-content us_custom_0f088a09\" id=\"content-f50d\"><div class=\"w-tabs-section-content-h i-cf\"><div class=\"wpb_text_column\"><div class=\"wpb_wrapper\"><ul>\n<li><span>Interactive workshops, webinars, or on-site training sessions<\/span><\/li>\n<li><span>Training on tools such as ChatGPT, Midjourney, Custom GPTs, and more<\/span><\/li>\n<li><span>Awareness of ethical and data protection issues<\/span><\/li>\n<li><span>Well-designed formats for beginners<\/span><span>to<\/span><span> advanced<\/span><\/li>\n<\/ul>\n<\/div><\/div><\/div><\/div><\/div><div class=\"w-tabs-section\" id=\"x631\"><button class=\"w-tabs-section-header\" aria-controls=\"content-x631\" aria-expanded=\"false\"><p class=\"w-tabs-section-title\">It is ideal for<\/p><div class=\"w-tabs-section-control\"><\/div><\/button><div  class=\"w-tabs-section-content\" id=\"content-x631\"><div class=\"w-tabs-section-content-h i-cf\"><div class=\"wpb_text_column\"><div class=\"wpb_wrapper\"><p data-pm-slice=\"1 1 &#091;&#093;\"><span>Managers, project teams, and specialist departments looking to systematically build and expand their AI expertise.<\/span><\/p>\n<\/div><\/div><\/div><\/div><\/div><div class=\"w-tabs-section\" id=\"f77f\"><button class=\"w-tabs-section-header\" aria-controls=\"content-f77f\" aria-expanded=\"false\"><p class=\"w-tabs-section-title\">Sample topics<\/p><div class=\"w-tabs-section-control\"><\/div><\/button><div  class=\"w-tabs-section-content\" id=\"content-f77f\"><div class=\"w-tabs-section-content-h i-cf\"><div class=\"wpb_text_column\"><div class=\"wpb_wrapper\"><ul>\n<li><span>Prompt Engineering and Co-Creation with Generative AI<\/span><\/li>\n<li><span>Using AI in marketing, sales, or HR<\/span><\/li>\n<li><span>Train-the-trainer programs for internal multipliers<\/span><\/li>\n<li><span>Application Security when working with AI tools<\/span><\/li>\n<\/ul>\n<\/div><\/div><\/div><\/div><\/div><\/div><\/div><\/div><\/div><div class=\"wpb_column vc_column_container us_custom_4bc03a00\"><div class=\"vc_column-inner\"><div class=\"w-image align_none\"><div class=\"w-image-h\"><img decoding=\"async\" width=\"2560\" height=\"1707\" src=\"https:\/\/ai-experts.network\/wp-content\/uploads\/2025\/06\/audience-applaud-clapping-happines-appreciation-tr-2025-02-10-13-46-52-utc-scaled.jpg\" class=\"attachment-full size-full\" alt=\"\" loading=\"lazy\" srcset=\"https:\/\/ai-experts.network\/wp-content\/uploads\/2025\/06\/audience-applaud-clapping-happines-appreciation-tr-2025-02-10-13-46-52-utc-scaled.jpg 2560w, https:\/\/ai-experts.network\/wp-content\/uploads\/2025\/06\/audience-applaud-clapping-happines-appreciation-tr-2025-02-10-13-46-52-utc-300x200.jpg 300w, https:\/\/ai-experts.network\/wp-content\/uploads\/2025\/06\/audience-applaud-clapping-happines-appreciation-tr-2025-02-10-13-46-52-utc-1024x683.jpg 1024w, https:\/\/ai-experts.network\/wp-content\/uploads\/2025\/06\/audience-applaud-clapping-happines-appreciation-tr-2025-02-10-13-46-52-utc-18x12.jpg 18w, https:\/\/ai-experts.network\/wp-content\/uploads\/2025\/06\/audience-applaud-clapping-happines-appreciation-tr-2025-02-10-13-46-52-utc-240x160.jpg 240w, https:\/\/ai-experts.network\/wp-content\/uploads\/2025\/06\/audience-applaud-clapping-happines-appreciation-tr-2025-02-10-13-46-52-utc-180x120.jpg 180w\" sizes=\"auto, (max-width: 2560px) 100vw, 2560px\" \/><\/div><\/div><div class=\"w-separator size_small\"><\/div><div class=\"wpb_text_column us_custom_2a294a82\"><div class=\"wpb_wrapper\"><p data-pm-slice=\"1 1 &#091;&#093;\"><span>Whether you need an introductory course or an in-depth learning journey, our AI training courses will empower your teams to confidently use new technologies.<\/span><br \/>\n<span><strong>Let's design the learning journey together.<\/strong><\/span><\/p>\n<\/div><\/div><div class=\"w-separator size_small\"><\/div><div class=\"w-btn-wrapper align_none\"><a class=\"w-btn us-btn-style_5 ai-btn\" href=\"\/en\/kontakt\/\"><span class=\"w-btn-label\">Request workshop<\/span><\/a><\/div><\/div><\/div><\/div><\/div><\/section><section class=\"l-section wpb_row us_custom_10d4c61d height_large\"><div class=\"l-section-h i-cf\"><div class=\"g-cols vc_row via_grid cols_1 laptops-cols_inherit tablets-cols_inherit mobiles-cols_1 valign_middle type_default stacking_default\"><div class=\"wpb_column vc_column_container us_custom_33b9ee00\"><div class=\"vc_column-inner\"><h6 class=\"w-text us_custom_c29f6be2 has_text_color\"><span class=\"w-text-h\"><span class=\"w-text-value\">Further services<\/span><\/span><\/h6><div class=\"w-separator size_small\"><\/div><\/div><\/div><\/div><\/div><\/section><section class=\"l-section wpb_row us_custom_4ef6a1c0 height_auto\"><div class=\"l-section-h i-cf\"><div class=\"g-cols vc_row via_grid cols_4 laptops-cols_inherit tablets-cols_inherit mobiles-cols_1 valign_top type_default stacking_default\" style=\"--columns-gap:1.5rem;\"><div class=\"wpb_column vc_column_container\"><div class=\"vc_column-inner\"><div class=\"w-image align_center\"><a href=\"\/en\/ki-keynotes\/\" aria-label=\"MQ_Vortrag_Publikum_02\" class=\"w-image-h\"><img decoding=\"async\" width=\"1600\" height=\"1067\" src=\"https:\/\/ai-experts.network\/wp-content\/uploads\/2025\/06\/MQ_Vortrag_Publikum_02.jpg\" class=\"attachment-full size-full\" alt=\"\" loading=\"lazy\" srcset=\"https:\/\/ai-experts.network\/wp-content\/uploads\/2025\/06\/MQ_Vortrag_Publikum_02.jpg 1600w, https:\/\/ai-experts.network\/wp-content\/uploads\/2025\/06\/MQ_Vortrag_Publikum_02-300x200.jpg 300w, https:\/\/ai-experts.network\/wp-content\/uploads\/2025\/06\/MQ_Vortrag_Publikum_02-1024x683.jpg 1024w, https:\/\/ai-experts.network\/wp-content\/uploads\/2025\/06\/MQ_Vortrag_Publikum_02-18x12.jpg 18w, https:\/\/ai-experts.network\/wp-content\/uploads\/2025\/06\/MQ_Vortrag_Publikum_02-240x160.jpg 240w, https:\/\/ai-experts.network\/wp-content\/uploads\/2025\/06\/MQ_Vortrag_Publikum_02-180x120.jpg 180w\" sizes=\"auto, (max-width: 1600px) 100vw, 1600px\" \/><\/a><\/div><div class=\"w-separator size_small\"><\/div><h4 class=\"w-text us_custom_ab90e6f7\"><a href=\"\/en\/ki-keynotes\/\" class=\"w-text-h\"><span class=\"w-text-value\">Keynotes and Presentations<\/span><\/a><\/h4><\/div><\/div><div class=\"wpb_column vc_column_container\"><div class=\"vc_column-inner\"><div class=\"w-image align_center\"><a href=\"\/en\/ki-strategieberatung-bedarfsanalyse\/\" aria-label=\"pexels-fauxels-3183153\" class=\"w-image-h\"><img decoding=\"async\" width=\"2560\" height=\"1707\" src=\"https:\/\/ai-experts.network\/wp-content\/uploads\/2025\/06\/pexels-fauxels-3183153-scaled.jpg\" class=\"attachment-full size-full\" alt=\"\" loading=\"lazy\" srcset=\"https:\/\/ai-experts.network\/wp-content\/uploads\/2025\/06\/pexels-fauxels-3183153-scaled.jpg 2560w, https:\/\/ai-experts.network\/wp-content\/uploads\/2025\/06\/pexels-fauxels-3183153-300x200.jpg 300w, https:\/\/ai-experts.network\/wp-content\/uploads\/2025\/06\/pexels-fauxels-3183153-1024x683.jpg 1024w, https:\/\/ai-experts.network\/wp-content\/uploads\/2025\/06\/pexels-fauxels-3183153-18x12.jpg 18w, https:\/\/ai-experts.network\/wp-content\/uploads\/2025\/06\/pexels-fauxels-3183153-240x160.jpg 240w, https:\/\/ai-experts.network\/wp-content\/uploads\/2025\/06\/pexels-fauxels-3183153-180x120.jpg 180w\" sizes=\"auto, (max-width: 2560px) 100vw, 2560px\" \/><\/a><\/div><div class=\"w-separator size_small\"><\/div><h4 class=\"w-text us_custom_ab90e6f7\"><a href=\"\/en\/ki-strategieberatung-bedarfsanalyse\/\" class=\"w-text-h\"><span class=\"w-text-value\">Strategy Consulting and Needs Analysis<\/span><\/a><\/h4><\/div><\/div><div class=\"wpb_column vc_column_container\"><div class=\"vc_column-inner\"><div class=\"w-image align_center\"><a href=\"\/en\/ki-umsetzung-automatisierung\/\" aria-label=\"pexels-fauxels-3183150\" class=\"w-image-h\"><img decoding=\"async\" width=\"2560\" height=\"1708\" src=\"https:\/\/ai-experts.network\/wp-content\/uploads\/2025\/06\/pexels-fauxels-3183150-scaled.jpg\" class=\"attachment-full size-full\" alt=\"\" loading=\"lazy\" srcset=\"https:\/\/ai-experts.network\/wp-content\/uploads\/2025\/06\/pexels-fauxels-3183150-scaled.jpg 2560w, https:\/\/ai-experts.network\/wp-content\/uploads\/2025\/06\/pexels-fauxels-3183150-300x200.jpg 300w, https:\/\/ai-experts.network\/wp-content\/uploads\/2025\/06\/pexels-fauxels-3183150-1024x683.jpg 1024w, https:\/\/ai-experts.network\/wp-content\/uploads\/2025\/06\/pexels-fauxels-3183150-18x12.jpg 18w, https:\/\/ai-experts.network\/wp-content\/uploads\/2025\/06\/pexels-fauxels-3183150-240x160.jpg 240w, https:\/\/ai-experts.network\/wp-content\/uploads\/2025\/06\/pexels-fauxels-3183150-180x120.jpg 180w\" sizes=\"auto, (max-width: 2560px) 100vw, 2560px\" \/><\/a><\/div><div class=\"w-separator size_small\"><\/div><h4 class=\"w-text us_custom_ab90e6f7\"><a href=\"\/en\/ki-umsetzung-automatisierung\/\" class=\"w-text-h\"><span class=\"w-text-value\">Implementation and Automation<\/span><\/a><\/h4><\/div><\/div><div class=\"wpb_column vc_column_container\"><div class=\"vc_column-inner\"><div class=\"w-image align_center\"><a href=\"\/en\/ki-executive-coaching-change\/\" aria-label=\"pexels-pavel-danilyuk-8985507\" class=\"w-image-h\"><img decoding=\"async\" width=\"2560\" height=\"1709\" src=\"https:\/\/ai-experts.network\/wp-content\/uploads\/2025\/06\/pexels-pavel-danilyuk-8985507-scaled.jpg\" class=\"attachment-full size-full\" alt=\"\" loading=\"lazy\" srcset=\"https:\/\/ai-experts.network\/wp-content\/uploads\/2025\/06\/pexels-pavel-danilyuk-8985507-scaled.jpg 2560w, https:\/\/ai-experts.network\/wp-content\/uploads\/2025\/06\/pexels-pavel-danilyuk-8985507-300x200.jpg 300w, https:\/\/ai-experts.network\/wp-content\/uploads\/2025\/06\/pexels-pavel-danilyuk-8985507-1024x684.jpg 1024w, https:\/\/ai-experts.network\/wp-content\/uploads\/2025\/06\/pexels-pavel-danilyuk-8985507-18x12.jpg 18w, https:\/\/ai-experts.network\/wp-content\/uploads\/2025\/06\/pexels-pavel-danilyuk-8985507-240x160.jpg 240w, https:\/\/ai-experts.network\/wp-content\/uploads\/2025\/06\/pexels-pavel-danilyuk-8985507-180x120.jpg 180w\" sizes=\"auto, (max-width: 2560px) 100vw, 2560px\" \/><\/a><\/div><div class=\"w-separator size_small\"><\/div><h4 class=\"w-text us_custom_ab90e6f7\"><a href=\"\/en\/ki-executive-coaching-change\/\" class=\"w-text-h\"><span class=\"w-text-value\">Change and Coaching<\/span><\/a><\/h4><\/div><\/div><\/div><\/div><\/section><section class=\"l-section wpb_row us_custom_f0aa17ea height_auto\"><div class=\"l-section-h i-cf\"><div class=\"g-cols vc_row via_grid cols_1 laptops-cols_inherit tablets-cols_inherit mobiles-cols_1 valign_top type_default stacking_default\"><div class=\"wpb_column vc_column_container\"><div class=\"vc_column-inner\"><section class=\"l-section wpb_row us_custom_0a6e70fd height_large\"><div class=\"l-section-h i-cf\"><div class=\"g-cols vc_row via_grid cols_1 laptops-cols_inherit tablets-cols_inherit mobiles-cols_1 valign_bottom type_default stacking_default\" style=\"--columns-gap:1rem;\"><div class=\"wpb_column vc_column_container us_custom_2c45f91b\"><div class=\"vc_column-inner\"><h6 class=\"w-text us_custom_51f5b77c has_text_color\"><span class=\"w-text-h\"><span class=\"w-text-value\">Start using artificial intelligence Confidently by working with our certified, experienced experts.<\/span><\/span><\/h6><div class=\"w-separator size_small\"><\/div><div class=\"g-cols wpb_row via_grid cols_2 laptops-cols_inherit tablets-cols_inherit mobiles-cols_1 valign_middle type_default stacking_default\" style=\"--columns-gap:1rem;\"><div class=\"wpb_column vc_column_container\"><div class=\"vc_column-inner\"><div class=\"w-btn-wrapper align_center\"><button class=\"w-btn us-btn-style_1 ai-btn us_custom_a5d13c4e popmake-231 has_text_color\"><span class=\"w-btn-label\">\ud83d\udc49\ud83c\udffc Introduction to AI and basics<\/span><\/button><\/div><\/div><\/div><div class=\"wpb_column vc_column_container\"><div class=\"vc_column-inner\"><div class=\"w-btn-wrapper align_center\"><button class=\"w-btn us-btn-style_1 ai-btn us_custom_04e83dbc popmake-238 has_text_color\"><span class=\"w-btn-label\">\ud83d\udc49\ud83c\udffc AI strategy and projects<\/span><\/button><\/div><\/div><\/div><\/div><\/div><\/div><\/div><\/div><\/section>\n<div class=\"w-separator size_large\"><\/div><\/div><\/div><\/div><\/div><\/section>","protected":false},"excerpt":{"rendered":"Workshops und Wissen K\u00fcnstliche Intelligenz verstehen, anwenden und weiterdenken Wir machen Ihre Teams fit f\u00fcr die Welt der K\u00fcnstlichen Intelligenz. In unseren Trainings vermitteln wir praxisnahes Wissen, Tool-Kompetenz und ein Verst\u00e4ndnis f\u00fcr KI-Potenziale und -Grenzen. Was Sie erwartet Interaktive Workshops, Webinare oder Trainings vor Ort Schulungen zu Tools wie ChatGPT, Midjourney, Custom GPTs u. a....","protected":false},"author":2,"featured_media":0,"parent":0,"menu_order":0,"comment_status":"closed","ping_status":"closed","template":"","meta":{"_acf_changed":false,"footnotes":""},"class_list":["post-454","page","type-page","status-publish","hentry"],"acf":[],"_links":{"self":[{"href":"https:\/\/ai-experts.network\/en\/wp-json\/wp\/v2\/pages\/454","targetHints":{"allow":["GET"]}}],"collection":[{"href":"https:\/\/ai-experts.network\/en\/wp-json\/wp\/v2\/pages"}],"about":[{"href":"https:\/\/ai-experts.network\/en\/wp-json\/wp\/v2\/types\/page"}],"author":[{"embeddable":true,"href":"https:\/\/ai-experts.network\/en\/wp-json\/wp\/v2\/users\/2"}],"replies":[{"embeddable":true,"href":"https:\/\/ai-experts.network\/en\/wp-json\/wp\/v2\/comments?post=454"}],"version-history":[{"count":6,"href":"https:\/\/ai-experts.network\/en\/wp-json\/wp\/v2\/pages\/454\/revisions"}],"predecessor-version":[{"id":992,"href":"https:\/\/ai-experts.network\/en\/wp-json\/wp\/v2\/pages\/454\/revisions\/992"}],"wp:attachment":[{"href":"https:\/\/ai-experts.network\/en\/wp-json\/wp\/v2\/media?parent=454"}],"curies":[{"name":"wp","href":"https:\/\/api.w.org\/{rel}","templated":true}]}}