{"id":215,"date":"2025-03-28T05:17:12","date_gmt":"2025-03-28T05:17:12","guid":{"rendered":"https:\/\/ai-experts.network\/?page_id=215"},"modified":"2025-04-10T13:42:45","modified_gmt":"2025-04-10T13:42:45","slug":"kontakt","status":"publish","type":"page","link":"https:\/\/ai-experts.network\/en\/kontakt\/","title":{"rendered":"Contact"},"content":{"rendered":"<section class=\"l-section wpb_row us_custom_4fb9e5a3 height_large\"><div class=\"l-section-h i-cf\"><div class=\"g-cols vc_row via_grid cols_1 laptops-cols_inherit tablets-cols_inherit mobiles-cols_1 valign_top type_default stacking_default\"><div class=\"wpb_column vc_column_container\"><div class=\"vc_column-inner\"><h4 class=\"w-text us_custom_fd0cb927 has_text_color\"><span class=\"w-text-h\"><span class=\"w-text-value\">Contact<\/span><\/span><\/h4><div class=\"wpb_text_column\"><div class=\"wpb_wrapper\">\n<div class=\"wpcf7 no-js\" id=\"wpcf7-f214-o1\" lang=\"en-US\" dir=\"ltr\" data-wpcf7-id=\"214\">\n<div class=\"screen-reader-response\"><p role=\"status\" aria-live=\"polite\" aria-atomic=\"true\"><\/p> <ul><\/ul><\/div>\n<form action=\"\/en\/wp-json\/wp\/v2\/pages\/215#wpcf7-f214-o1\" method=\"post\" class=\"wpcf7-form init cf7mls-no-scroll cf7mls-no-moving-animation\" aria-label=\"Contact form\" novalidate=\"novalidate\" data-status=\"init\" data-trp-original-action=\"\/en\/wp-json\/wp\/v2\/pages\/215#wpcf7-f214-o1\">\n<fieldset class=\"hidden-fields-container\"><input type=\"hidden\" name=\"_wpcf7\" value=\"214\" \/><input type=\"hidden\" name=\"_wpcf7_version\" value=\"6.1.1\" \/><input type=\"hidden\" name=\"_wpcf7_locale\" value=\"en_US\" \/><input type=\"hidden\" name=\"_wpcf7_unit_tag\" value=\"wpcf7-f214-o1\" \/><input type=\"hidden\" name=\"_wpcf7_container_post\" value=\"0\" \/><input type=\"hidden\" name=\"_wpcf7_posted_data_hash\" value=\"\" \/>\n<\/fieldset>\n<div class=\"ai-expert-contact-form\">\n\n<div class=\"form-row help-que\">\n<h3 class=\"full-width\">How can we assist you?<\/h3>\n<div class=\"form-group\">\n<span class=\"wpcf7-form-control-wrap\" data-name=\"help-que\"><select class=\"wpcf7-form-control wpcf7-select wpcf7-validates-as-required\" aria-required=\"true\" aria-invalid=\"false\" name=\"help-que\"><option value=\"Allgemeine Anfrage\">General inquiry<\/option><option value=\"Mitglied anschreiben\">Write to member<\/option><\/select><\/span>\n<\/div>\n<div class=\"form-group\">\n<span class=\"wpcf7-form-control-wrap\" data-name=\"teams\"><select class=\"wpcf7-form-control wpcf7-select\" aria-invalid=\"false\" name=\"teams\"><option value=\"\">Select member<\/option><option value=\"andreas-roedenbeck\">Andreas R\u00f6denbeck<\/option><option value=\"kai-oestreicher-vorstand\">Kai Oestreicher, Vorstand<\/option><option value=\"kristin-goas-oses-vorstand\">Kristin Goas Os\u00e9s, Chairwoman<\/option><option value=\"mario-levenhagen-vorstand\">Mario Levenhagen, Vorstand<\/option><option value=\"meike-quentin\">Meike Quentin<\/option><option value=\"rene-goebels\">Ren\u00e9 Goebels<\/option><option value=\"stephan-grandy\">Stephan Grandy<\/option><\/select><\/span>\n<\/div>\n<\/div>\n\n<div class=\"form-row mtb-30\">\n<div class=\"form-group\">\n<label>Your name<\/label>\n<span class=\"wpcf7-form-control-wrap\" data-name=\"full-name\"><input size=\"40\" maxlength=\"400\" class=\"wpcf7-form-control wpcf7-text wpcf7-validates-as-required\" aria-required=\"true\" aria-invalid=\"false\" value=\"\" type=\"text\" name=\"full-name\" \/><\/span>\n<\/div>\n<div class=\"form-group\">\n<label>Your e-mail<\/label>\n<span class=\"wpcf7-form-control-wrap\" data-name=\"email\"><input size=\"40\" maxlength=\"400\" class=\"wpcf7-form-control wpcf7-email wpcf7-validates-as-required wpcf7-text wpcf7-validates-as-email\" aria-required=\"true\" aria-invalid=\"false\" value=\"\" type=\"email\" name=\"email\" \/><\/span>\n<\/div>\n<div class=\"form-group\">\n<label>Company:<\/label>\n<span class=\"wpcf7-form-control-wrap\" data-name=\"unternehmen\"><input size=\"40\" maxlength=\"400\" class=\"wpcf7-form-control wpcf7-text wpcf7-validates-as-required\" aria-required=\"true\" aria-invalid=\"false\" value=\"\" type=\"text\" name=\"unternehmen\" \/><\/span>\n<\/div>\n<\/div>\n\n<div class=\"form-row ai-msg\">\n<div class=\"form-group full-width\">\n<label>Your message<\/label>\n<span class=\"wpcf7-form-control-wrap\" data-name=\"message\"><textarea cols=\"40\" rows=\"10\" maxlength=\"2000\" class=\"wpcf7-form-control wpcf7-textarea\" aria-invalid=\"false\" name=\"message\"><\/textarea><\/span>\n<\/div>\n<\/div>\n\n<div class=\"form-row fragebogen\">\n<h3 class=\"full-width\">Questionnaire \u2013 optional<\/h3>\n<div class=\"form-group\">\n<i>What is your current status on AI integration?<\/i>\n<span class=\"wpcf7-form-control-wrap\" data-name=\"questionnaire-first\"><span class=\"wpcf7-form-control wpcf7-checkbox\"><span class=\"wpcf7-list-item first\"><label><input type=\"checkbox\" name=\"questionnaire-first[]\" value=\"M\u00f6chte starten, brauche allgemeine Information zur Einf\u00fchrung (KI-Basis-Beratung)\" \/><span class=\"wpcf7-list-item-label\">I am ready to get started and need general introductory information on basic AI consulting.<\/span><\/label><\/span><span class=\"wpcf7-list-item\"><label><input type=\"checkbox\" name=\"questionnaire-first[]\" value=\"M\u00f6chte passend zu meinem Unternehmen einen Plan entwickeln (KI-Strategie-Entwicklung).\" \/><span class=\"wpcf7-list-item-label\">I want to develop a tailored plan for my company (AI strategy development).<\/span><\/label><\/span><span class=\"wpcf7-list-item\"><label><input type=\"checkbox\" name=\"questionnaire-first[]\" value=\"M\u00f6chte ausgew\u00e4hlte Mitarbeiter*innen\/Teams passend zu meinem Bedarf schulen lassen (KI Workshops) und Anforderung gem\u00e4\u00df EU AI Act, Art. 4\/AI-Officer erf\u00fcllen.\" \/><span class=\"wpcf7-list-item-label\">I would like to have selected employees and teams trained according to my needs (AI workshops) to fulfill the requirements of the EU AI Act, Article 4\/AI Officer.<\/span><\/label><\/span><span class=\"wpcf7-list-item\"><label><input type=\"checkbox\" name=\"questionnaire-first[]\" value=\"Brauche Begleitung bei der Umsetzung eines konkreten Use-Cases.\" \/><span class=\"wpcf7-list-item-label\">I need support implementing a specific use case.<\/span><\/label><\/span><span class=\"wpcf7-list-item last\"><label><input type=\"checkbox\" name=\"questionnaire-first[]\" value=\"Brauche KI-Speaker*in f\u00fcr Event, Konferenz oder Moderation.\" \/><span class=\"wpcf7-list-item-label\">I need an AI speaker for an event, conference, or moderation.<\/span><\/label><\/span><\/span><\/span>\n<\/div>\n<div class=\"form-group\">\n<i>Would you like to become a member of the ai-experts.network?<\/i>\n<span class=\"wpcf7-form-control-wrap\" data-name=\"questionnaire-sec\"><span class=\"wpcf7-form-control wpcf7-checkbox\"><span class=\"wpcf7-list-item first\"><label><input type=\"checkbox\" name=\"questionnaire-sec[]\" value=\"Ja, ich bin zertifizierte AI-Expert*in\" \/><span class=\"wpcf7-list-item-label\">Yes, I am a certified AI expert.<\/span><\/label><\/span><span class=\"wpcf7-list-item\"><label><input type=\"checkbox\" name=\"questionnaire-sec[]\" value=\"Ja, ich habe eine vergleichbare Qualifikation\" \/><span class=\"wpcf7-list-item-label\">Yes, I have a comparable qualification.<\/span><\/label><\/span><span class=\"wpcf7-list-item last\"><label><input type=\"checkbox\" name=\"questionnaire-sec[]\" value=\"Ja, ich nutze KI bereits intensiv, habe aber noch keinen Qualifikationsnachweis\" \/><span class=\"wpcf7-list-item-label\">Yes, I already apply AI intensively but do not yet have a certification.<\/span><\/label><\/span><\/span><\/span>\n<\/div>\n<\/div>\n\n<div class=\"form-row\">\n<div class=\"form-group full-width\">\n<input class=\"wpcf7-form-control wpcf7-submit has-spinner\" type=\"submit\" value=\"Submit\" \/>\n<\/div>\n<\/div>\n\n<\/div><input type='hidden' class='wpcf7-pum' value='{\"closepopup\":false,\"closedelay\":0,\"openpopup\":false,\"openpopup_id\":0}' \/><div class=\"wpcf7-response-output\" aria-hidden=\"true\"><\/div>\n<input type=\"hidden\" name=\"trp-form-language\" value=\"en\"\/><\/form>\n<\/div>\n\n<\/div><\/div><\/div><\/div><\/div><\/div><\/section>","protected":false},"excerpt":{"rendered":"Kontakt Wie k\u00f6nnen wir Ihnen helfen? Allgemeine AnfrageMitglied anschreiben Mitglied ausw\u00e4hlenAndreas R\u00f6denbeckKai Oestreicher, VorstandKristin Goas Os\u00e9s, VorstandMario Levenhagen, VorstandMeike QuentinRen\u00e9 GoebelsStephan Grandy Ihr Name: Ihre E-Mail: Unternehmen: Ihre Nachricht: Fragebogen \u2013 optional Wo stehen Sie mit der KI-Integration? M\u00f6chte starten, brauche allgemeine Information zur Einf\u00fchrung (KI-Basis-Beratung)M\u00f6chte passend zu meinem Unternehmen einen Plan entwickeln (KI-Strategie-Entwicklung).M\u00f6chte ausgew\u00e4hlte...","protected":false},"author":3,"featured_media":0,"parent":0,"menu_order":0,"comment_status":"closed","ping_status":"closed","template":"","meta":{"_acf_changed":false,"footnotes":""},"class_list":["post-215","page","type-page","status-publish","hentry"],"acf":[],"_links":{"self":[{"href":"https:\/\/ai-experts.network\/en\/wp-json\/wp\/v2\/pages\/215","targetHints":{"allow":["GET"]}}],"collection":[{"href":"https:\/\/ai-experts.network\/en\/wp-json\/wp\/v2\/pages"}],"about":[{"href":"https:\/\/ai-experts.network\/en\/wp-json\/wp\/v2\/types\/page"}],"author":[{"embeddable":true,"href":"https:\/\/ai-experts.network\/en\/wp-json\/wp\/v2\/users\/3"}],"replies":[{"embeddable":true,"href":"https:\/\/ai-experts.network\/en\/wp-json\/wp\/v2\/comments?post=215"}],"version-history":[{"count":0,"href":"https:\/\/ai-experts.network\/en\/wp-json\/wp\/v2\/pages\/215\/revisions"}],"wp:attachment":[{"href":"https:\/\/ai-experts.network\/en\/wp-json\/wp\/v2\/media?parent=215"}],"curies":[{"name":"wp","href":"https:\/\/api.w.org\/{rel}","templated":true}]}}