{"id":968,"date":"2025-06-18T19:12:32","date_gmt":"2025-06-18T19:12:32","guid":{"rendered":"https:\/\/ai-experts.network\/?page_id=968"},"modified":"2025-06-18T19:14:01","modified_gmt":"2025-06-18T19:14:01","slug":"datenschutz","status":"publish","type":"page","link":"https:\/\/ai-experts.network\/de\/datenschutz\/","title":{"rendered":"Datenschutz"},"content":{"rendered":"<section class=\"l-section wpb_row us_custom_f0aa17ea height_large\"><div class=\"l-section-h i-cf\"><div class=\"g-cols vc_row via_grid cols_1 laptops-cols_inherit tablets-cols_1 mobiles-cols_1 valign_top type_default stacking_default\" style=\"--columns-gap:0px;\"><div class=\"wpb_column vc_column_container\"><div class=\"vc_column-inner\"><div class=\"wpb_text_column us_custom_4e55af8d has_text_color\"><div class=\"wpb_wrapper\"><h4>Datenschutzerkl\u00e4rung<\/h4>\n<\/div><\/div><div class=\"w-separator size_medium\"><\/div><div class=\"wpb_text_column us_custom_2a294a82\"><div class=\"wpb_wrapper\"><p><strong>Verantwortlicher<\/strong><\/p>\n<p>ai-experts e. V.<br \/>\nLindenstra\u00dfe 30<br \/>\n60325 Frankfurt am Main<\/p>\n<p>E-Mail: info@ai-experts.network<\/p>\n<p>Impressum: https:\/\/ai-experts.network\/impressum<\/p>\n<p><strong>2. Datenverarbeitung beim Besuch der Website<\/strong><\/p>\n<p>Beim Aufruf unserer Website verarbeiten wir folgende Daten zur technischen Bereitstellung und Sicherheit (Art. 6 Abs. 1 lit. f DSGVO):<\/p>\n<p>\u2013 IP-Adresse<\/p>\n<p>\u2013 Datum und Uhrzeit der Anfrage<\/p>\n<p>\u2013 Browsertyp und -version<\/p>\n<p>\u2013 Betriebssystem<\/p>\n<p>\u2013 Referrer-URL<\/p>\n<p>\u2013 aufgerufene Seiten<\/p>\n<p><strong>3. Cookies &amp; Tracking<\/strong><\/p>\n<p>Wir verwenden Cookies zur Verbesserung der Funktionalit\u00e4t und Reichweitenmessung. Rechtsgrundlage ist Ihre Einwilligung (Art. 6 Abs. 1 lit. a DSGVO) oder unser berechtigtes Interesse (Art. 6 Abs. 1 lit. f DSGVO). Weitere Informationen und Einstellungen: [Link zum Cookie-Banner\/Consent-Tool].<\/p>\n<p><strong>4. Kontaktaufnahme<\/strong><\/p>\n<p>Bei Kontaktaufnahme per Formular, E-Mail oder Telefon verarbeiten wir Ihre Angaben zur Bearbeitung Ihrer Anfrage (Art. 6 Abs. 1 lit. b und f DSGVO).<\/p>\n<p><strong>5. Rechte der betroffenen Personen<\/strong><\/p>\n<p>Sie haben das Recht auf:<\/p>\n<p>\u2013 Auskunft (Art. 15 DSGVO)<\/p>\n<p>\u2013 Berichtigung (Art. 16 DSGVO)<\/p>\n<p>\u2013 L\u00f6schung (Art. 17 DSGVO)<\/p>\n<p>\u2013 Einschr\u00e4nkung der Verarbeitung (Art. 18 DSGVO)<\/p>\n<p>\u2013 Widerspruch (Art. 21 DSGVO)<\/p>\n<p>\u2013 Daten\u00fcbertragbarkeit (Art. 20 DSGVO)<\/p>\n<p>\u2013 Beschwerde bei einer Aufsichtsbeh\u00f6rde (Art. 77 DSGVO)<\/p>\n<p><strong>6. Drittanbieter &amp; Daten\u00fcbermittlung<\/strong><\/p>\n<p>Bei Nutzung externer Dienste (z.\u202fB. Webhosting, Newsletter, Zahlungsdienste, Konferenzplattformen) kann eine Daten\u00fcbermittlung in Drittl\u00e4nder (z.\u202fB. USA) erfolgen. Diese erfolgt nur bei Vorliegen geeigneter Garantien wie EU-Standardvertragsklauseln oder Angemessenheitsbeschluss (Art. 44 ff. DSGVO).<\/p>\n<p><strong>7. Speicherdauer<\/strong><\/p>\n<p>Personenbezogene Daten werden nur solange gespeichert, wie dies f\u00fcr die jeweiligen Zwecke erforderlich ist bzw. gesetzliche Aufbewahrungsfristen bestehen.<\/p>\n<p><strong>8. \u00c4nderung der Datenschutzerkl\u00e4rung<\/strong><\/p>\n<p>Diese Datenschutzerkl\u00e4rung kann aktualisiert werden, um rechtlichen Anforderungen zu gen\u00fcgen oder bei \u00c4nderungen unserer Dienste. Stand: 04.04.2025<\/p>\n<\/div><\/div><\/div><\/div><\/div><\/div><\/section>\n","protected":false},"excerpt":{"rendered":"Datenschutzerkl\u00e4rung Verantwortlicher ai-experts e. V. Lindenstra\u00dfe 30 60325 Frankfurt am Main E-Mail: info@ai-experts.network Impressum: https:\/\/ai-experts.network\/impressum 2. Datenverarbeitung beim Besuch der Website Beim Aufruf unserer Website verarbeiten wir folgende Daten zur technischen Bereitstellung und Sicherheit (Art. 6 Abs. 1 lit. f DSGVO): \u2013 IP-Adresse \u2013 Datum und Uhrzeit der Anfrage \u2013 Browsertyp und -version \u2013 Betriebssystem...","protected":false},"author":2,"featured_media":0,"parent":0,"menu_order":0,"comment_status":"closed","ping_status":"closed","template":"","meta":{"_acf_changed":false,"footnotes":""},"class_list":["post-968","page","type-page","status-publish","hentry"],"acf":[],"_links":{"self":[{"href":"https:\/\/ai-experts.network\/de\/wp-json\/wp\/v2\/pages\/968","targetHints":{"allow":["GET"]}}],"collection":[{"href":"https:\/\/ai-experts.network\/de\/wp-json\/wp\/v2\/pages"}],"about":[{"href":"https:\/\/ai-experts.network\/de\/wp-json\/wp\/v2\/types\/page"}],"author":[{"embeddable":true,"href":"https:\/\/ai-experts.network\/de\/wp-json\/wp\/v2\/users\/2"}],"replies":[{"embeddable":true,"href":"https:\/\/ai-experts.network\/de\/wp-json\/wp\/v2\/comments?post=968"}],"version-history":[{"count":3,"href":"https:\/\/ai-experts.network\/de\/wp-json\/wp\/v2\/pages\/968\/revisions"}],"predecessor-version":[{"id":971,"href":"https:\/\/ai-experts.network\/de\/wp-json\/wp\/v2\/pages\/968\/revisions\/971"}],"wp:attachment":[{"href":"https:\/\/ai-experts.network\/de\/wp-json\/wp\/v2\/media?parent=968"}],"curies":[{"name":"wp","href":"https:\/\/api.w.org\/{rel}","templated":true}]}}