{"id":910,"date":"2025-06-15T20:44:35","date_gmt":"2025-06-15T20:44:35","guid":{"rendered":"https:\/\/ai-experts.network\/?page_id=910"},"modified":"2025-08-07T14:25:29","modified_gmt":"2025-08-07T14:25:29","slug":"faq","status":"publish","type":"page","link":"https:\/\/ai-experts.network\/de\/faq\/","title":{"rendered":"FAQ"},"content":{"rendered":"<section class=\"l-section wpb_row us_custom_f0aa17ea height_large\"><div class=\"l-section-h i-cf\"><div class=\"g-cols vc_row via_grid cols_1 laptops-cols_inherit tablets-cols_1 mobiles-cols_1 valign_top type_default stacking_default\" style=\"--columns-gap:1.5rem;\"><div class=\"wpb_column vc_column_container\"><div class=\"vc_column-inner\"><div class=\"wpb_text_column us_custom_4e55af8d has_text_color\"><div class=\"wpb_wrapper\"><h4>FAQs<\/h4>\n<div id=\"gtx-trans\" style=\"position: absolute; left: 251px; top: 30px;\">\n<div class=\"gtx-trans-icon\"><\/div>\n<\/div>\n<\/div><\/div><div class=\"w-separator size_medium\"><\/div><div class=\"wpb_text_column us_custom_0f088a09 has_text_color\"><div class=\"wpb_wrapper\"><h3>H\u00e4ufige Fragen und Antworten<\/h3>\n<\/div><\/div><div class=\"w-separator size_small\"><\/div><div class=\"w-tabs style_default switch_click accordion type_togglable has_scrolling\" style=\"--sections-title-size:1.2rem\"><div class=\"w-tabs-sections titles-align_none icon_chevron cpos_right\"><div class=\"w-tabs-section has_text_color\" id=\"xa2f\"><button class=\"w-tabs-section-header\" aria-controls=\"content-xa2f\" aria-expanded=\"false\"><p class=\"w-tabs-section-title\">Wer ist das ai-experts-network?<\/p><div class=\"w-tabs-section-control\"><\/div><\/button><div  class=\"w-tabs-section-content us_custom_0f088a09\" id=\"content-xa2f\"><div class=\"w-tabs-section-content-h i-cf\"><div class=\"wpb_text_column\"><div class=\"wpb_wrapper\"><p>Wir sind ein kuratiertes europ\u00e4isches Netzwerk gepr\u00fcfter KI-Expertinnen und -Experten, das Unternehmen und Organisationen bei der Einf\u00fchrung von K\u00fcnstlicher Intelligenz begleitet. Unsere Mitglieder decken Qualifizierung, Strategie und Implementierung ab und handeln entlang klarer ethischer Leitlinien. <\/p>\n<\/div><\/div><\/div><\/div><\/div><div class=\"w-tabs-section\" id=\"rb7c\"><button class=\"w-tabs-section-header\" aria-controls=\"content-rb7c\" aria-expanded=\"false\"><p class=\"w-tabs-section-title\">Was unterscheidet das Netzwerk von klassischen Beratungen?<\/p><div class=\"w-tabs-section-control\"><\/div><\/button><div  class=\"w-tabs-section-content\" id=\"content-rb7c\"><div class=\"w-tabs-section-content-h i-cf\"><div class=\"wpb_text_column\"><div class=\"wpb_wrapper\"><p data-pm-slice=\"1 1 &#091;&#093;\">Statt festangestellter Berater*innen b\u00fcndeln wir die Kompetenzen unabh\u00e4ngiger KI-Profis. Dadurch erhalten Kund*innen exakt die Expertise, die sie ben\u00f6tigen \u2013 ohne Overhead. Sie profitieren von unserer gepr\u00fcften Qualit\u00e4tssicherung und konsequenten Ethik-Standards.<\/p>\n<\/div><\/div><\/div><\/div><\/div><div class=\"w-tabs-section\" id=\"fd12\"><button class=\"w-tabs-section-header\" aria-controls=\"content-fd12\" aria-expanded=\"false\"><p class=\"w-tabs-section-title\">Welche Leistungen bietet das ai\u2013experts-network  an?<\/p><div class=\"w-tabs-section-control\"><\/div><\/button><div  class=\"w-tabs-section-content\" id=\"content-fd12\"><div class=\"w-tabs-section-content-h i-cf\"><div class=\"wpb_text_column\"><div class=\"wpb_wrapper\"><ul>\n<li>Workshops und Wissen<\/li>\n<li>Strategieberatung und Analyse<\/li>\n<li>Changebegleitung und Coaching<\/li>\n<li>Umsetzung und Automatisierung<\/li>\n<li>Keynotes und Vortr\u00e4ge<\/li>\n<\/ul>\n<\/div><\/div><\/div><\/div><\/div><div class=\"w-tabs-section\" id=\"me58\"><button class=\"w-tabs-section-header\" aria-controls=\"content-me58\" aria-expanded=\"false\"><p class=\"w-tabs-section-title\">An welche Branchen richtet es sich?<\/p><div class=\"w-tabs-section-control\"><\/div><\/button><div  class=\"w-tabs-section-content\" id=\"content-me58\"><div class=\"w-tabs-section-content-h i-cf\"><div class=\"wpb_text_column\"><div class=\"wpb_wrapper\"><p>Wir arbeiten branchen\u00fcbergreifend (Industrie, Handel, Dienstleistungen, \u00f6ffentlicher Sektor) f\u00fcr Unternehmen und Organisationen aller Gr\u00f6\u00dfen und Bereiche. Entscheidend ist die Bereitschaft, KI werteorientiert einzuf\u00fchren.<\/p>\n<\/div><\/div><\/div><\/div><\/div><div class=\"w-tabs-section\" id=\"kf9f\"><button class=\"w-tabs-section-header\" aria-controls=\"content-kf9f\" aria-expanded=\"false\"><p class=\"w-tabs-section-title\">Wie stellt das ai\u2013experts-network ethische Standards sicher?<\/p><div class=\"w-tabs-section-control\"><\/div><\/button><div  class=\"w-tabs-section-content\" id=\"content-kf9f\"><div class=\"w-tabs-section-content-h i-cf\"><div class=\"wpb_text_column\"><div class=\"wpb_wrapper\"><p class=\"p1\">Jedes Projekt wird vor Start anhand unserer Responsible-AI-Checkliste bewertet. Ein internes Ethik-Gremium pr\u00fcft Datennutzung, Bias-Risiken und Auswirkungen auf Mitarbeitende.<\/p>\n<\/div><\/div><\/div><\/div><\/div><div class=\"w-tabs-section\" id=\"f0dc\"><button class=\"w-tabs-section-header\" aria-controls=\"content-f0dc\" aria-expanded=\"false\"><p class=\"w-tabs-section-title\">Welche Voraussetzungen braucht mein Unternehmen f\u00fcr die Zusammenarbeit?<\/p><div class=\"w-tabs-section-control\"><\/div><\/button><div  class=\"w-tabs-section-content\" id=\"content-f0dc\"><div class=\"w-tabs-section-content-h i-cf\"><div class=\"wpb_text_column\"><div class=\"wpb_wrapper\"><p class=\"p1\">Ein klar umrissener Anwendungsfall (Use-Case) Datenzugang, interne Projektverantwortliche und die Bereitschaft, Prozesse ggf. anzupassen. Wir unterst\u00fctzen beim Aufbau einer passgenauen Infrastruktur.<\/p>\n<\/div><\/div><\/div><\/div><\/div><div class=\"w-tabs-section\" id=\"f209\"><button class=\"w-tabs-section-header\" aria-controls=\"content-f209\" aria-expanded=\"false\"><p class=\"w-tabs-section-title\">Wie l\u00e4uft ein typisches Projekt mit den ai-experts ab?<\/p><div class=\"w-tabs-section-control\"><\/div><\/button><div  class=\"w-tabs-section-content\" id=\"content-f209\"><div class=\"w-tabs-section-content-h i-cf\"><div class=\"wpb_text_column\"><div class=\"wpb_wrapper\"><p>1) Scoping-Call \u2192 2) Experten-Matching \u2192 3) Kick-off &amp; Roadmap \u2192<\/p>\n<p>4) Iterative Umsetzung \u2192 5) Change-Begleitung \u2192 6) Review &amp; Wirkungsmessung.<\/p>\n<\/div><\/div><\/div><\/div><\/div><div class=\"w-tabs-section\" id=\"j348\"><button class=\"w-tabs-section-header\" aria-controls=\"content-j348\" aria-expanded=\"false\"><p class=\"w-tabs-section-title\">Wie sieht das Preismodell aus?<\/p><div class=\"w-tabs-section-control\"><\/div><\/button><div  class=\"w-tabs-section-content\" id=\"content-j348\"><div class=\"w-tabs-section-content-h i-cf\"><div class=\"wpb_text_column\"><div class=\"wpb_wrapper\"><p>Wir bieten Pakete (Workshop-Tage, Sprint-Bl\u00f6cke) oder Projekt-Festpreise an. Alle Preise sind transparent \u2013 Sie zahlen nur f\u00fcr die ben\u00f6tigte Expertise, ohne langfristige Bindungen.<\/p>\n<\/div><\/div><\/div><\/div><\/div><div class=\"w-tabs-section\" id=\"p484\"><button class=\"w-tabs-section-header\" aria-controls=\"content-p484\" aria-expanded=\"false\"><p class=\"w-tabs-section-title\">Kann man selbst Mitglied werden?<\/p><div class=\"w-tabs-section-control\"><\/div><\/button><div  class=\"w-tabs-section-content\" id=\"content-p484\"><div class=\"w-tabs-section-content-h i-cf\"><div class=\"wpb_text_column\"><div class=\"wpb_wrapper\"><p>Ja. Fachleute mit nachweislicher KI-Erfahrung (\u2265 3 Jahre) k\u00f6nnen sich gern bewerben. Bitte senden Sie dazu Ihren CV + Projektportfolio an info@ai-experts.network. Wir melden uns zeitnah bei Ihnen.<\/p>\n<\/div><\/div><\/div><\/div><\/div><div class=\"w-tabs-section\" id=\"g5c6\"><button class=\"w-tabs-section-header\" aria-controls=\"content-g5c6\" aria-expanded=\"false\"><p class=\"w-tabs-section-title\">Wie wird die Expertise der Mitglieder sichergestellt?<\/p><div class=\"w-tabs-section-control\"><\/div><\/button><div  class=\"w-tabs-section-content\" id=\"content-g5c6\"><div class=\"w-tabs-section-content-h i-cf\"><div class=\"wpb_text_column\"><div class=\"wpb_wrapper\"><p>Alle Expert*innen durchlaufen einen mehrstufigen Auswahlprozess (Fach-Interview, Referenz-Checks, Probe-Workshop). Nur wer unsere Responsible-AI-Prinzipien unterschreibt, wird aufgenommen.<\/p>\n<\/div><\/div><\/div><\/div><\/div><div class=\"w-tabs-section\" id=\"c719\"><button class=\"w-tabs-section-header\" aria-controls=\"content-c719\" aria-expanded=\"false\"><p class=\"w-tabs-section-title\">Ich bin KI-Experte\/*in \u2013 passt das Netzwerk zu mir?<\/p><div class=\"w-tabs-section-control\"><\/div><\/button><div  class=\"w-tabs-section-content\" id=\"content-c719\"><div class=\"w-tabs-section-content-h i-cf\"><div class=\"wpb_text_column\"><div class=\"wpb_wrapper\"><p>Sie sind bei uns richtig, wenn Sie eine zertifizierte KI-Ausbildung absolviert haben \u2013 zum Beispiel bei T\u00dcV Rheinland, Fraunhofer oder vergleichbaren Anbietern \u2013 und \u00fcber mehrj\u00e4hrige Berufserfahrung in Bereichen wie IT, Beratung, Kommunikation, Business Development, Change Management oder Training verf\u00fcgen. Wichtig ist uns, dass Sie K\u00fcnstliche Intelligenz nicht nur technologisch verstehen, sondern auch menschenzentriert, wirksam und praxisnah einsetzen m\u00f6chten. Wenn Sie die Kundenperspektive konsequent mitdenken, von der Strategie bis zur Umsetzung, und Freude an kollegialer Zusammenarbeit in einem starken, interdisziplin\u00e4ren Netzwerk mitbringen, passen Sie sehr gut zu uns. Ebenso legen wir Wert auf Qualit\u00e4t, Offenheit und die Bereitschaft zur gemeinsamen Weiterentwicklung.<br \/>\nSie sind noch unsicher? Kein Problem \u2013 wir freuen uns \u00fcber den Austausch, ganz unverbindlich. \u2192 Jetzt Kontakt aufnehmen.<\/p>\n<\/div><\/div><\/div><\/div><\/div><\/div><\/div><\/div><\/div><\/div><\/div><\/section><section class=\"l-section wpb_row us_custom_f0aa17ea height_auto\"><div class=\"l-section-h i-cf\"><div class=\"g-cols vc_row via_grid cols_1 laptops-cols_inherit tablets-cols_inherit mobiles-cols_1 valign_top type_default stacking_default\"><div class=\"wpb_column vc_column_container\"><div class=\"vc_column-inner\"><section class=\"l-section wpb_row us_custom_0a6e70fd height_large\"><div class=\"l-section-h i-cf\"><div class=\"g-cols vc_row via_grid cols_1 laptops-cols_inherit tablets-cols_inherit mobiles-cols_1 valign_bottom type_default stacking_default\" style=\"--columns-gap:1rem;\"><div class=\"wpb_column vc_column_container us_custom_2c45f91b\"><div class=\"vc_column-inner\"><h6 class=\"w-text us_custom_51f5b77c has_text_color\"><span class=\"w-text-h\"><span class=\"w-text-value\">K\u00fcnstliche Intelligenz sicher starten \u2013 mit unseren zertifizierten und erfahrenen Expert*innen<\/span><\/span><\/h6><div class=\"w-separator size_small\"><\/div><div class=\"g-cols wpb_row via_grid cols_2 laptops-cols_inherit tablets-cols_inherit mobiles-cols_1 valign_middle type_default stacking_default\" style=\"--columns-gap:1rem;\"><div class=\"wpb_column vc_column_container\"><div class=\"vc_column-inner\"><div class=\"w-btn-wrapper align_center\"><button class=\"w-btn us-btn-style_1 ai-btn us_custom_a5d13c4e popmake-231 has_text_color\"><span class=\"w-btn-label\">\ud83d\udc49\ud83c\udffc KI-Einstieg und Grundlagen<\/span><\/button><\/div><\/div><\/div><div class=\"wpb_column vc_column_container\"><div class=\"vc_column-inner\"><div class=\"w-btn-wrapper align_center\"><button class=\"w-btn us-btn-style_1 ai-btn us_custom_04e83dbc popmake-238 has_text_color\"><span class=\"w-btn-label\">\ud83d\udc49\ud83c\udffc KI-Strategie und Projekte<\/span><\/button><\/div><\/div><\/div><\/div><\/div><\/div><\/div><\/div><\/section>\n<div class=\"w-separator size_large\"><\/div><\/div><\/div><\/div><\/div><\/section>\n","protected":false},"excerpt":{"rendered":"FAQs H\u00e4ufige Fragen und Antworten Wer ist das ai-experts-network?Wir sind ein kuratiertes europ\u00e4isches Netzwerk gepr\u00fcfter KI-Expertinnen und -Experten, das Unternehmen und Organisationen bei der Einf\u00fchrung von K\u00fcnstlicher Intelligenz begleitet. Unsere Mitglieder decken Qualifizierung, Strategie und Implementierung ab und handeln entlang klarer ethischer Leitlinien. Was unterscheidet das Netzwerk von klassischen Beratungen?Statt festangestellter Berater*innen b\u00fcndeln wir die...","protected":false},"author":2,"featured_media":0,"parent":0,"menu_order":0,"comment_status":"closed","ping_status":"closed","template":"","meta":{"_acf_changed":false,"footnotes":""},"class_list":["post-910","page","type-page","status-publish","hentry"],"acf":[],"_links":{"self":[{"href":"https:\/\/ai-experts.network\/de\/wp-json\/wp\/v2\/pages\/910","targetHints":{"allow":["GET"]}}],"collection":[{"href":"https:\/\/ai-experts.network\/de\/wp-json\/wp\/v2\/pages"}],"about":[{"href":"https:\/\/ai-experts.network\/de\/wp-json\/wp\/v2\/types\/page"}],"author":[{"embeddable":true,"href":"https:\/\/ai-experts.network\/de\/wp-json\/wp\/v2\/users\/2"}],"replies":[{"embeddable":true,"href":"https:\/\/ai-experts.network\/de\/wp-json\/wp\/v2\/comments?post=910"}],"version-history":[{"count":17,"href":"https:\/\/ai-experts.network\/de\/wp-json\/wp\/v2\/pages\/910\/revisions"}],"predecessor-version":[{"id":1029,"href":"https:\/\/ai-experts.network\/de\/wp-json\/wp\/v2\/pages\/910\/revisions\/1029"}],"wp:attachment":[{"href":"https:\/\/ai-experts.network\/de\/wp-json\/wp\/v2\/media?parent=910"}],"curies":[{"name":"wp","href":"https:\/\/api.w.org\/{rel}","templated":true}]}}