{"id":755,"date":"2025-04-15T05:33:23","date_gmt":"2025-04-15T05:33:23","guid":{"rendered":"https:\/\/ai-experts.network\/?page_id=755"},"modified":"2025-08-06T12:17:58","modified_gmt":"2025-08-06T12:17:58","slug":"impressum","status":"publish","type":"page","link":"https:\/\/ai-experts.network\/de\/impressum\/","title":{"rendered":"Impressum"},"content":{"rendered":"<section class=\"l-section wpb_row us_custom_f0aa17ea height_large\"><div class=\"l-section-h i-cf\"><div class=\"g-cols vc_row via_grid cols_1 laptops-cols_inherit tablets-cols_1 mobiles-cols_1 valign_top type_default stacking_default\"><div class=\"wpb_column vc_column_container\"><div class=\"vc_column-inner\"><div class=\"wpb_text_column us_custom_4e55af8d has_text_color\"><div class=\"wpb_wrapper\"><h4>Impressum<\/h4>\n<\/div><\/div><div class=\"w-separator size_medium\"><\/div><div class=\"wpb_text_column\"><div class=\"wpb_wrapper\"><p><b>Angaben gem\u00e4\u00df \u00a7 5 TMG<\/b><\/p>\n<p><span style=\"font-weight: 400;\">ai-experts.network e.V.<\/span><span style=\"font-weight: 400;\"><br \/><\/span><span style=\"font-weight: 400;\">Lindenstrasse 30<\/span><span style=\"font-weight: 400;\"><br \/><\/span><span style=\"font-weight: 400;\">60325 Frankfurt am Main<\/span><\/p>\n<p><span style=\"font-weight: 400;\">Vereinsregister, <\/span><span style=\"font-weight: 400;\">Registergericht: Amtsgericht Frankfurt am Main.<br \/>Urkundenverzeichnis f\u00fcr 2025\/DS.<\/span><\/p>\n<p><b>Vertreten durch:<\/b><span style=\"font-weight: 400;\"><br \/><\/span><span style=\"font-weight: 400;\">Mario Levenhagen, Kristin Goas Os\u00e9s<\/span><\/p>\n<p><b>Kontakt<\/b><\/p>\n<p><span style=\"font-weight: 400;\">Telefon: +49 69 34 87 926-0<\/span><span style=\"font-weight: 400;\"><br \/><\/span><span style=\"font-weight: 400;\">Telefax: +49 69 34 87 926-99<\/span><span style=\"font-weight: 400;\"><br \/><\/span><span style=\"font-weight: 400;\">E-Mail: vorstand@ai-experts.network<\/span><\/p>\n<p><b>Umsatzsteuer-ID<\/b><\/p>\n<p><span style=\"font-weight: 400;\">Umsatzsteuer-Identifikationsnummer gem\u00e4\u00df \u00a7 27 a Umsatzsteuergesetz:<\/span><span style=\"font-weight: 400;\"><br \/><\/span><span style=\"font-weight: 400;\">DE289262261<\/span><\/p>\n<p><b>Redaktionell verantwortlich<\/b><\/p>\n<p><span style=\"font-weight: 400;\">ai-experts.network e.V.<\/span><span style=\"font-weight: 400;\"><br \/><\/span><span style=\"font-weight: 400;\">Lindenstrasse 30<\/span><span style=\"font-weight: 400;\"><br \/><\/span><span style=\"font-weight: 400;\">60325 Frankfurt am Main<\/span><\/p>\n<p><b>Haftungsausschluss (Disclaimer)&#8216;<\/b><\/p>\n<p><b>Haftung im Kontext mit K\u00fcnstlicher Intelligenz<\/b><\/p>\n<p><span style=\"font-weight: 400;\">Die auf dieser Website bereitgestellten Inhalte, Informationen und Schulungsmaterialien zum Thema K\u00fcnstliche Intelligenz (KI) dienen ausschlie\u00dflich allgemeinen Bildungs- und Informationszwecken. Sie stellen weder eine rechtsverbindliche Beratung noch eine Garantie f\u00fcr die konkrete Eignung oder Funktionsf\u00e4higkeit bestimmter KI-L\u00f6sungen dar.<\/span><\/p>\n<p><span style=\"font-weight: 400;\">Die Implementierung, Nutzung und Weiterverarbeitung von KI-Technologien, die auf Basis der hier bereitgestellten Inhalte erfolgt, liegt vollst\u00e4ndig in der Verantwortung der Nutzer:innen. F\u00fcr Sch\u00e4den oder unerw\u00fcnschte Ergebnisse, die aus der Anwendung oder Interpretation von KI-Systemen entstehen, \u00fcbernimmt die Anbieterin dieser Website keine Haftung.<\/span><\/p>\n<p><b>Wichtige Hinweise:<\/b><\/p>\n<ul>\n<li style=\"font-weight: 400;\" aria-level=\"1\"><b>Einsatz von KI-Tools:<\/b><span style=\"font-weight: 400;\"> Die Funktionsweise und Genauigkeit von KI-Systemen h\u00e4ngt von einer Vielzahl von Faktoren ab, einschlie\u00dflich der Qualit\u00e4t der eingegebenen Daten und der spezifischen Anwendungsumgebung. Nutzer:innen sollten eigenst\u00e4ndig pr\u00fcfen, ob ein KI-Tool f\u00fcr ihre Anforderungen geeignet ist.<\/span><\/li>\n<li style=\"font-weight: 400;\" aria-level=\"1\"><b>Rechtliche und ethische Aspekte:<\/b><span style=\"font-weight: 400;\"> Die Nutzung von KI kann rechtliche und ethische Implikationen haben, insbesondere bei der Verarbeitung personenbezogener Daten oder beim Einsatz in sicherheitskritischen Bereichen. Es wird empfohlen, sich \u00fcber geltende Vorschriften und branchenspezifische Richtlinien zu informieren.<\/span><\/li>\n<li style=\"font-weight: 400;\" aria-level=\"1\"><b>Technische Beratung:<\/b><span style=\"font-weight: 400;\"> Die auf dieser Website angebotenen Inhalte und Schulungen ersetzen keine technische Beratung durch spezialisierte Fachkr\u00e4fte, die bei der Implementierung und dem Betrieb von KI-Systemen erforderlich sein kann.<\/span><\/li>\n<\/ul>\n<p><b>Haftung f\u00fcr Links<\/b><\/p>\n<p><span style=\"font-weight: 400;\">Das Angebot enth\u00e4lt Links zu externen Webseiten Dritter, auf deren Inhalte wir keinen Einfluss haben. Deshalb k\u00f6nnen wir f\u00fcr diese fremden Inhalte auch keine Gew\u00e4hr \u00fcbernehmen. F\u00fcr die Inhalte der verlinkten Seiten ist stets der\/die jeweilige Anbieter:in oder Betreiber:in der Seiten verantwortlich. Die verlinkten Seiten wurden zum Zeitpunkt der Verlinkung auf m\u00f6gliche Rechtsverst\u00f6\u00dfe \u00fcberpr\u00fcft. Rechtswidrige Inhalte waren zum Zeitpunkt der Verlinkung nicht erkennbar. Eine permanente inhaltliche Kontrolle der verlinkten Seiten ist jedoch ohne konkrete Anhaltspunkte einer Rechtsverletzung nicht zumutbar. Bei Bekanntwerden von Rechtsverletzungen werden wir derartige Links umgehend entfernen.<\/span><\/p>\n<p><b>\u00a0<\/b><\/p>\n<p><b>Kontaktformulare<\/b><\/p>\n<p><span style=\"font-weight: 400;\">Wenn Sie uns per Kontaktformular Anfragen zukommen lassen, werden Ihre Angaben aus dem Anfrageformular inklusive der von Ihnen dort angegebenen Kontaktdaten zwecks Bearbeitung der Anfrage und f\u00fcr den Fall von Anschlussfragen bei uns gespeichert und verarbeitet. Ihre Daten werden ausschlie\u00dflich zweckgebunden zur Beantwortung und Bearbeitung Ihrer Frage genutzt. Die Datenverarbeitung erfolgt hier nach <\/span><a href=\"https:\/\/dr-dsgvo.de\/artikel-6-dsgvo\/\"><span style=\"font-weight: 400;\">Art. 6 Abs. S. 1 lit. f DSGVO<\/span><\/a><span style=\"font-weight: 400;\"> auf Grundlage des berechtigten Interesses.<\/span><\/p>\n<p><span style=\"font-weight: 400;\">F\u00fcr den Fall der Betrugserkennung oder zur Erkennung von Missbrauch, etwa zum Aufdecken von Hackerangriffen, behalten wir uns das Recht vor, Ihre Netzwerkdaten f\u00fcr einen kurzen Zeitraum und nur zu diesem Zweck zu speichern, der 30 Tage nicht \u00fcberschreitet, au\u00dfer ein Anlass rechtfertigt eine l\u00e4ngere Aufbewahrung.<\/span><\/p>\n<p><b>EU-Streitschlichtung<\/b><\/p>\n<p><span style=\"font-weight: 400;\">Die Europ\u00e4ische Kommission stellt eine Plattform zur Online-Streitbeilegung (OS) bereit: <\/span><a href=\"https:\/\/ec.europa.eu\/consumers\/odr\/\"><span style=\"font-weight: 400;\">https:\/\/ec.europa.eu\/consumers\/odr\/<\/span><\/a><span style=\"font-weight: 400;\">.<\/span><span style=\"font-weight: 400;\"><br \/><\/span><span style=\"font-weight: 400;\">Unsere E-Mail-Adresse finden Sie oben im Impressum.<\/span><\/p>\n<p><b>Verbraucherstreitbeilegung\/Universalschlichtungsstelle<\/b><\/p>\n<p><span style=\"font-weight: 400;\">Wir sind nicht bereit oder verpflichtet, an Streitbeilegungsverfahren vor einer Verbraucherschlichtungsstelle teilzunehmen.<\/span><\/p>\n<p><b>Fotos<\/b><\/p>\n<p><span style=\"font-weight: 400;\">Es werden auch KI-generierte Fotos verwendet.<\/span><\/p>\n<\/div><\/div><\/div><\/div><\/div><\/div><\/section>\n","protected":false},"excerpt":{"rendered":"Impressum Angaben gem\u00e4\u00df \u00a7 5 TMG ai-experts.network e.V.Lindenstrasse 3060325 Frankfurt am Main Vereinsregister, Registergericht: Amtsgericht Frankfurt am Main.Urkundenverzeichnis f\u00fcr 2025\/DS. Vertreten durch:Mario Levenhagen, Kristin Goas Os\u00e9s Kontakt Telefon: +49 69 34 87 926-0Telefax: +49 69 34 87 926-99E-Mail: vorstand@ai-experts.network Umsatzsteuer-ID Umsatzsteuer-Identifikationsnummer gem\u00e4\u00df \u00a7 27 a Umsatzsteuergesetz:DE289262261 Redaktionell verantwortlich ai-experts.network e.V.Lindenstrasse 3060325 Frankfurt am Main Haftungsausschluss...","protected":false},"author":2,"featured_media":0,"parent":0,"menu_order":0,"comment_status":"closed","ping_status":"closed","template":"","meta":{"_acf_changed":false,"footnotes":""},"class_list":["post-755","page","type-page","status-publish","hentry"],"acf":[],"_links":{"self":[{"href":"https:\/\/ai-experts.network\/de\/wp-json\/wp\/v2\/pages\/755","targetHints":{"allow":["GET"]}}],"collection":[{"href":"https:\/\/ai-experts.network\/de\/wp-json\/wp\/v2\/pages"}],"about":[{"href":"https:\/\/ai-experts.network\/de\/wp-json\/wp\/v2\/types\/page"}],"author":[{"embeddable":true,"href":"https:\/\/ai-experts.network\/de\/wp-json\/wp\/v2\/users\/2"}],"replies":[{"embeddable":true,"href":"https:\/\/ai-experts.network\/de\/wp-json\/wp\/v2\/comments?post=755"}],"version-history":[{"count":1,"href":"https:\/\/ai-experts.network\/de\/wp-json\/wp\/v2\/pages\/755\/revisions"}],"predecessor-version":[{"id":1027,"href":"https:\/\/ai-experts.network\/de\/wp-json\/wp\/v2\/pages\/755\/revisions\/1027"}],"wp:attachment":[{"href":"https:\/\/ai-experts.network\/de\/wp-json\/wp\/v2\/media?parent=755"}],"curies":[{"name":"wp","href":"https:\/\/api.w.org\/{rel}","templated":true}]}}