{"id":456,"date":"2025-04-03T14:27:33","date_gmt":"2025-04-03T14:27:33","guid":{"rendered":"https:\/\/ai-experts.network\/?page_id=456"},"modified":"2025-07-11T06:17:03","modified_gmt":"2025-07-11T06:17:03","slug":"ki-umsetzung-automatisierung","status":"publish","type":"page","link":"https:\/\/ai-experts.network\/de\/ki-umsetzung-automatisierung\/","title":{"rendered":"Umsetzung und Automatisierung"},"content":{"rendered":"<section class=\"l-section wpb_row us_custom_f0aa17ea height_large\"><div class=\"l-section-h i-cf\"><div class=\"g-cols vc_row via_grid cols_2 laptops-cols_inherit tablets-cols_1 mobiles-cols_1 valign_top type_default stacking_default\" style=\"--columns-gap:1.5rem;\"><div class=\"wpb_column vc_column_container\"><div class=\"vc_column-inner\"><div class=\"wpb_text_column us_custom_4e55af8d has_text_color\"><div class=\"wpb_wrapper\"><h4>Umsetzung und Automatisierung<\/h4>\n<div id=\"gtx-trans\" style=\"position: absolute; left: 165px; top: -18px;\">\n<div class=\"gtx-trans-icon\"><\/div>\n<\/div>\n<\/div><\/div><div class=\"w-separator size_medium\"><\/div><div class=\"wpb_text_column us_custom_0f088a09 has_text_color\"><div class=\"wpb_wrapper\"><h3 data-pm-slice=\"1 1 &#091;&#093;\">KI-L\u00f6sungen entwickeln, Prozesse automatisieren, Mehrwert schaffen<\/h3>\n<\/div><\/div><div class=\"w-separator size_small\"><\/div><div class=\"wpb_text_column us_custom_2a294a82\"><div class=\"wpb_wrapper\"><p data-pm-slice=\"1 1 &#091;&#093;\"><span>Wir unterst\u00fctzen Sie bei der konkreten Einf\u00fchrung und Automatisierung von KI-L\u00f6sungen in Ihrem Unternehmenskontext. Von der Tool-Auswahl bis zur Integration in Workflows.<\/span><\/p>\n<\/div><\/div><div class=\"w-separator size_small\"><\/div><div class=\"w-tabs style_default switch_click accordion type_togglable has_scrolling\" style=\"--sections-title-size:1.2rem\"><div class=\"w-tabs-sections titles-align_none icon_chevron cpos_right\"><div class=\"w-tabs-section has_text_color\" id=\"ic51\"><button class=\"w-tabs-section-header\" aria-controls=\"content-ic51\" aria-expanded=\"false\"><p class=\"w-tabs-section-title\">Was Sie erwartet<\/p><div class=\"w-tabs-section-control\"><\/div><\/button><div  class=\"w-tabs-section-content us_custom_0f088a09\" id=\"content-ic51\"><div class=\"w-tabs-section-content-h i-cf\"><div class=\"wpb_text_column\"><div class=\"wpb_wrapper\"><ul>\n<li><span>Konzeption und Implementierung von KI-Anwendungen<\/span><\/li>\n<li><span>Entwicklung individueller Custom GPTs und Workflows<\/span><\/li>\n<li><span>Tool-Auswahl und technische Beratung<\/span><\/li>\n<li><span>Begleitung in Pilotprojekten<\/span><\/li>\n<\/ul>\n<\/div><\/div><\/div><\/div><\/div><div class=\"w-tabs-section\" id=\"wdc9\"><button class=\"w-tabs-section-header\" aria-controls=\"content-wdc9\" aria-expanded=\"false\"><p class=\"w-tabs-section-title\">Ideal f\u00fcr<\/p><div class=\"w-tabs-section-control\"><\/div><\/button><div  class=\"w-tabs-section-content\" id=\"content-wdc9\"><div class=\"w-tabs-section-content-h i-cf\"><div class=\"wpb_text_column\"><div class=\"wpb_wrapper\"><p data-pm-slice=\"1 1 &#091;&#093;\"><span>Unternehmen, die erste KI-Projekte umsetzen oder bestehende Prozesse automatisieren m\u00f6chten.<\/span><\/p>\n<\/div><\/div><\/div><\/div><\/div><div class=\"w-tabs-section\" id=\"nf82\"><button class=\"w-tabs-section-header\" aria-controls=\"content-nf82\" aria-expanded=\"false\"><p class=\"w-tabs-section-title\">Themenbeispiele<\/p><div class=\"w-tabs-section-control\"><\/div><\/button><div  class=\"w-tabs-section-content\" id=\"content-nf82\"><div class=\"w-tabs-section-content-h i-cf\"><div class=\"wpb_text_column\"><div class=\"wpb_wrapper\"><ul>\n<li><span>Custom GPT f\u00fcr interne Wissensdatenbanken<\/span><\/li>\n<li><span>Automatisierte Dokumentenbearbeitung mit KI<\/span><\/li>\n<li><span>Bild- oder Textgenerierung im Marketing<\/span><\/li>\n<li><span>Voice- und Chatbots im Kundenservice<\/span><\/li>\n<\/ul>\n<\/div><\/div><\/div><\/div><\/div><\/div><\/div><\/div><\/div><div class=\"wpb_column vc_column_container us_custom_4bc03a00\"><div class=\"vc_column-inner\"><div class=\"w-image align_none\"><div class=\"w-image-h\"><img decoding=\"async\" width=\"2560\" height=\"1708\" src=\"https:\/\/ai-experts.network\/wp-content\/uploads\/2025\/06\/pexels-fauxels-3183150-scaled.jpg\" class=\"attachment-full size-full\" alt=\"\" loading=\"lazy\" srcset=\"https:\/\/ai-experts.network\/wp-content\/uploads\/2025\/06\/pexels-fauxels-3183150-scaled.jpg 2560w, https:\/\/ai-experts.network\/wp-content\/uploads\/2025\/06\/pexels-fauxels-3183150-300x200.jpg 300w, https:\/\/ai-experts.network\/wp-content\/uploads\/2025\/06\/pexels-fauxels-3183150-1024x683.jpg 1024w, https:\/\/ai-experts.network\/wp-content\/uploads\/2025\/06\/pexels-fauxels-3183150-18x12.jpg 18w, https:\/\/ai-experts.network\/wp-content\/uploads\/2025\/06\/pexels-fauxels-3183150-240x160.jpg 240w, https:\/\/ai-experts.network\/wp-content\/uploads\/2025\/06\/pexels-fauxels-3183150-180x120.jpg 180w\" sizes=\"auto, (max-width: 2560px) 100vw, 2560px\" \/><\/div><\/div><div class=\"w-separator size_small\"><\/div><div class=\"wpb_text_column us_custom_137f5fdb\"><div class=\"wpb_wrapper\"><p data-pm-slice=\"1 1 &#091;&#093;\"><span>Unsere erfahrenen Expert*innen begleiten Sie praxisnah von der Idee bis zur funktionierenden KI-L\u00f6sung.<\/span><br \/>\n<span><strong>\u2192 Lassen Sie uns Ihre Automatisierungspotenziale gemeinsam erschlie\u00dfen.<\/strong><\/span><\/p>\n<\/div><\/div><div class=\"w-separator size_small\"><\/div><div class=\"w-btn-wrapper align_none\"><a class=\"w-btn us-btn-style_5 ai-btn\" href=\"\/kontakt\"><span class=\"w-btn-label\">Umsetzung anfragen<\/span><\/a><\/div><\/div><\/div><\/div><\/div><\/section><section class=\"l-section wpb_row us_custom_10d4c61d height_large\"><div class=\"l-section-h i-cf\"><div class=\"g-cols vc_row via_grid cols_1 laptops-cols_inherit tablets-cols_inherit mobiles-cols_1 valign_middle type_default stacking_default\"><div class=\"wpb_column vc_column_container us_custom_33b9ee00\"><div class=\"vc_column-inner\"><h6 class=\"w-text us_custom_c29f6be2 has_text_color\"><span class=\"w-text-h\"><span class=\"w-text-value\">Weitere Leistungen<\/span><\/span><\/h6><div class=\"w-separator size_small\"><\/div><\/div><\/div><\/div><\/div><\/section><section class=\"l-section wpb_row us_custom_4ef6a1c0 height_auto\"><div class=\"l-section-h i-cf\"><div class=\"g-cols vc_row via_grid cols_4 laptops-cols_inherit tablets-cols_inherit mobiles-cols_1 valign_top type_default stacking_default\" style=\"--columns-gap:1.5rem;\"><div class=\"wpb_column vc_column_container\"><div class=\"vc_column-inner\"><div class=\"w-image align_center\"><a href=\"\/ki-keynotes\" aria-label=\"MQ_Vortrag_Publikum_02\" class=\"w-image-h\"><img decoding=\"async\" width=\"1600\" height=\"1067\" src=\"https:\/\/ai-experts.network\/wp-content\/uploads\/2025\/06\/MQ_Vortrag_Publikum_02.jpg\" class=\"attachment-full size-full\" alt=\"\" loading=\"lazy\" srcset=\"https:\/\/ai-experts.network\/wp-content\/uploads\/2025\/06\/MQ_Vortrag_Publikum_02.jpg 1600w, https:\/\/ai-experts.network\/wp-content\/uploads\/2025\/06\/MQ_Vortrag_Publikum_02-300x200.jpg 300w, https:\/\/ai-experts.network\/wp-content\/uploads\/2025\/06\/MQ_Vortrag_Publikum_02-1024x683.jpg 1024w, https:\/\/ai-experts.network\/wp-content\/uploads\/2025\/06\/MQ_Vortrag_Publikum_02-18x12.jpg 18w, https:\/\/ai-experts.network\/wp-content\/uploads\/2025\/06\/MQ_Vortrag_Publikum_02-240x160.jpg 240w, https:\/\/ai-experts.network\/wp-content\/uploads\/2025\/06\/MQ_Vortrag_Publikum_02-180x120.jpg 180w\" sizes=\"auto, (max-width: 1600px) 100vw, 1600px\" \/><\/a><\/div><div class=\"w-separator size_small\"><\/div><h4 class=\"w-text us_custom_ab90e6f7\"><a href=\"\/ki-keynotes\" class=\"w-text-h\"><span class=\"w-text-value\">Keynotes und Vortr\u00e4ge<\/span><\/a><\/h4><\/div><\/div><div class=\"wpb_column vc_column_container\"><div class=\"vc_column-inner\"><div class=\"w-image align_center\"><a href=\"\/ki-strategieberatung-bedarfsanalyse\" aria-label=\"pexels-fauxels-3183153\" class=\"w-image-h\"><img decoding=\"async\" width=\"2560\" height=\"1707\" src=\"https:\/\/ai-experts.network\/wp-content\/uploads\/2025\/06\/pexels-fauxels-3183153-scaled.jpg\" class=\"attachment-full size-full\" alt=\"\" loading=\"lazy\" srcset=\"https:\/\/ai-experts.network\/wp-content\/uploads\/2025\/06\/pexels-fauxels-3183153-scaled.jpg 2560w, https:\/\/ai-experts.network\/wp-content\/uploads\/2025\/06\/pexels-fauxels-3183153-300x200.jpg 300w, https:\/\/ai-experts.network\/wp-content\/uploads\/2025\/06\/pexels-fauxels-3183153-1024x683.jpg 1024w, https:\/\/ai-experts.network\/wp-content\/uploads\/2025\/06\/pexels-fauxels-3183153-18x12.jpg 18w, https:\/\/ai-experts.network\/wp-content\/uploads\/2025\/06\/pexels-fauxels-3183153-240x160.jpg 240w, https:\/\/ai-experts.network\/wp-content\/uploads\/2025\/06\/pexels-fauxels-3183153-180x120.jpg 180w\" sizes=\"auto, (max-width: 2560px) 100vw, 2560px\" \/><\/a><\/div><div class=\"w-separator size_small\"><\/div><h4 class=\"w-text us_custom_ab90e6f7\"><a href=\"\/ki-strategieberatung-bedarfsanalyse\" class=\"w-text-h\"><span class=\"w-text-value\">Strategieberatung und Bedarfsanalyse<\/span><\/a><\/h4><\/div><\/div><div class=\"wpb_column vc_column_container\"><div class=\"vc_column-inner\"><div class=\"w-image align_center\"><a href=\"\/ki-workshops-kompetenzaufbau\" aria-label=\"Audience Applaud Clapping Happines Appreciation Training Concept\" class=\"w-image-h\"><img decoding=\"async\" width=\"2560\" height=\"1707\" src=\"https:\/\/ai-experts.network\/wp-content\/uploads\/2025\/06\/audience-applaud-clapping-happines-appreciation-tr-2025-02-10-13-46-52-utc-scaled.jpg\" class=\"attachment-full size-full\" alt=\"\" loading=\"lazy\" srcset=\"https:\/\/ai-experts.network\/wp-content\/uploads\/2025\/06\/audience-applaud-clapping-happines-appreciation-tr-2025-02-10-13-46-52-utc-scaled.jpg 2560w, https:\/\/ai-experts.network\/wp-content\/uploads\/2025\/06\/audience-applaud-clapping-happines-appreciation-tr-2025-02-10-13-46-52-utc-300x200.jpg 300w, https:\/\/ai-experts.network\/wp-content\/uploads\/2025\/06\/audience-applaud-clapping-happines-appreciation-tr-2025-02-10-13-46-52-utc-1024x683.jpg 1024w, https:\/\/ai-experts.network\/wp-content\/uploads\/2025\/06\/audience-applaud-clapping-happines-appreciation-tr-2025-02-10-13-46-52-utc-18x12.jpg 18w, https:\/\/ai-experts.network\/wp-content\/uploads\/2025\/06\/audience-applaud-clapping-happines-appreciation-tr-2025-02-10-13-46-52-utc-240x160.jpg 240w, https:\/\/ai-experts.network\/wp-content\/uploads\/2025\/06\/audience-applaud-clapping-happines-appreciation-tr-2025-02-10-13-46-52-utc-180x120.jpg 180w\" sizes=\"auto, (max-width: 2560px) 100vw, 2560px\" \/><\/a><\/div><div class=\"w-separator size_small\"><\/div><h4 class=\"w-text us_custom_ab90e6f7\"><a href=\"\/ki-workshops-kompetenzaufbau\" class=\"w-text-h\"><span class=\"w-text-value\">Workshops und Wissen<\/span><\/a><\/h4><\/div><\/div><div class=\"wpb_column vc_column_container\"><div class=\"vc_column-inner\"><div class=\"w-image align_center\"><a href=\"\/ki-executive-coaching-change\" aria-label=\"pexels-pavel-danilyuk-8985507\" class=\"w-image-h\"><img decoding=\"async\" width=\"2560\" height=\"1709\" src=\"https:\/\/ai-experts.network\/wp-content\/uploads\/2025\/06\/pexels-pavel-danilyuk-8985507-scaled.jpg\" class=\"attachment-full size-full\" alt=\"\" loading=\"lazy\" srcset=\"https:\/\/ai-experts.network\/wp-content\/uploads\/2025\/06\/pexels-pavel-danilyuk-8985507-scaled.jpg 2560w, https:\/\/ai-experts.network\/wp-content\/uploads\/2025\/06\/pexels-pavel-danilyuk-8985507-300x200.jpg 300w, https:\/\/ai-experts.network\/wp-content\/uploads\/2025\/06\/pexels-pavel-danilyuk-8985507-1024x684.jpg 1024w, https:\/\/ai-experts.network\/wp-content\/uploads\/2025\/06\/pexels-pavel-danilyuk-8985507-18x12.jpg 18w, https:\/\/ai-experts.network\/wp-content\/uploads\/2025\/06\/pexels-pavel-danilyuk-8985507-240x160.jpg 240w, https:\/\/ai-experts.network\/wp-content\/uploads\/2025\/06\/pexels-pavel-danilyuk-8985507-180x120.jpg 180w\" sizes=\"auto, (max-width: 2560px) 100vw, 2560px\" \/><\/a><\/div><div class=\"w-separator size_small\"><\/div><h4 class=\"w-text us_custom_ab90e6f7\"><a href=\"\/ki-executive-coaching-change\" class=\"w-text-h\"><span class=\"w-text-value\">Change und Coaching<\/span><\/a><\/h4><\/div><\/div><\/div><\/div><\/section><section class=\"l-section wpb_row us_custom_f0aa17ea height_auto\"><div class=\"l-section-h i-cf\"><div class=\"g-cols vc_row via_grid cols_1 laptops-cols_inherit tablets-cols_inherit mobiles-cols_1 valign_top type_default stacking_default\"><div class=\"wpb_column vc_column_container\"><div class=\"vc_column-inner\"><section class=\"l-section wpb_row us_custom_0a6e70fd height_large\"><div class=\"l-section-h i-cf\"><div class=\"g-cols vc_row via_grid cols_1 laptops-cols_inherit tablets-cols_inherit mobiles-cols_1 valign_bottom type_default stacking_default\" style=\"--columns-gap:1rem;\"><div class=\"wpb_column vc_column_container us_custom_2c45f91b\"><div class=\"vc_column-inner\"><h6 class=\"w-text us_custom_51f5b77c has_text_color\"><span class=\"w-text-h\"><span class=\"w-text-value\">K\u00fcnstliche Intelligenz sicher starten \u2013 mit unseren zertifizierten und erfahrenen Expert*innen<\/span><\/span><\/h6><div class=\"w-separator size_small\"><\/div><div class=\"g-cols wpb_row via_grid cols_2 laptops-cols_inherit tablets-cols_inherit mobiles-cols_1 valign_middle type_default stacking_default\" style=\"--columns-gap:1rem;\"><div class=\"wpb_column vc_column_container\"><div class=\"vc_column-inner\"><div class=\"w-btn-wrapper align_center\"><button class=\"w-btn us-btn-style_1 ai-btn us_custom_a5d13c4e popmake-231 has_text_color\"><span class=\"w-btn-label\">\ud83d\udc49\ud83c\udffc KI-Einstieg und Grundlagen<\/span><\/button><\/div><\/div><\/div><div class=\"wpb_column vc_column_container\"><div class=\"vc_column-inner\"><div class=\"w-btn-wrapper align_center\"><button class=\"w-btn us-btn-style_1 ai-btn us_custom_04e83dbc popmake-238 has_text_color\"><span class=\"w-btn-label\">\ud83d\udc49\ud83c\udffc KI-Strategie und Projekte<\/span><\/button><\/div><\/div><\/div><\/div><\/div><\/div><\/div><\/div><\/section>\n<div class=\"w-separator size_large\"><\/div><\/div><\/div><\/div><\/div><\/section>\n","protected":false},"excerpt":{"rendered":"Umsetzung und Automatisierung KI-L\u00f6sungen entwickeln, Prozesse automatisieren, Mehrwert schaffen Wir unterst\u00fctzen Sie bei der konkreten Einf\u00fchrung und Automatisierung von KI-L\u00f6sungen in Ihrem Unternehmenskontext. Von der Tool-Auswahl bis zur Integration in Workflows. Was Sie erwartet Konzeption und Implementierung von KI-Anwendungen Entwicklung individueller Custom GPTs und Workflows Tool-Auswahl und technische Beratung Begleitung in Pilotprojekten Ideal f\u00fcrUnternehmen, die...","protected":false},"author":2,"featured_media":0,"parent":0,"menu_order":0,"comment_status":"closed","ping_status":"closed","template":"","meta":{"_acf_changed":false,"footnotes":""},"class_list":["post-456","page","type-page","status-publish","hentry"],"acf":[],"_links":{"self":[{"href":"https:\/\/ai-experts.network\/de\/wp-json\/wp\/v2\/pages\/456","targetHints":{"allow":["GET"]}}],"collection":[{"href":"https:\/\/ai-experts.network\/de\/wp-json\/wp\/v2\/pages"}],"about":[{"href":"https:\/\/ai-experts.network\/de\/wp-json\/wp\/v2\/types\/page"}],"author":[{"embeddable":true,"href":"https:\/\/ai-experts.network\/de\/wp-json\/wp\/v2\/users\/2"}],"replies":[{"embeddable":true,"href":"https:\/\/ai-experts.network\/de\/wp-json\/wp\/v2\/comments?post=456"}],"version-history":[{"count":6,"href":"https:\/\/ai-experts.network\/de\/wp-json\/wp\/v2\/pages\/456\/revisions"}],"predecessor-version":[{"id":994,"href":"https:\/\/ai-experts.network\/de\/wp-json\/wp\/v2\/pages\/456\/revisions\/994"}],"wp:attachment":[{"href":"https:\/\/ai-experts.network\/de\/wp-json\/wp\/v2\/media?parent=456"}],"curies":[{"name":"wp","href":"https:\/\/api.w.org\/{rel}","templated":true}]}}