{"id":423,"date":"2025-04-01T21:15:46","date_gmt":"2025-04-01T21:15:46","guid":{"rendered":"https:\/\/ai-experts.network\/?page_id=423"},"modified":"2025-07-11T06:19:49","modified_gmt":"2025-07-11T06:19:49","slug":"ki-keynotes","status":"publish","type":"page","link":"https:\/\/ai-experts.network\/de\/ki-keynotes\/","title":{"rendered":"Keynotes und Vortr\u00e4ge"},"content":{"rendered":"<section class=\"l-section wpb_row us_custom_f0aa17ea height_large\"><div class=\"l-section-h i-cf\"><div class=\"g-cols vc_row via_grid cols_2 laptops-cols_inherit tablets-cols_1 mobiles-cols_1 valign_top type_default stacking_default\" style=\"--columns-gap:1.5rem;\"><div class=\"wpb_column vc_column_container\"><div class=\"vc_column-inner\"><div class=\"wpb_text_column us_custom_4e55af8d has_text_color\"><div class=\"wpb_wrapper\"><h4>Keynotes und Vortr\u00e4ge<\/h4>\n<div id=\"gtx-trans\" style=\"position: absolute; left: 251px; top: 30px;\">\n<div class=\"gtx-trans-icon\"><\/div>\n<\/div>\n<\/div><\/div><div class=\"w-separator size_medium\"><\/div><div class=\"wpb_text_column us_custom_0f088a09 has_text_color\"><div class=\"wpb_wrapper\"><h3>K\u00fcnstliche Intelligenz verstehen, erleben, gestalten<\/h3>\n<\/div><\/div><div class=\"w-separator size_small\"><\/div><div class=\"wpb_text_column us_custom_2a294a82\"><div class=\"wpb_wrapper\"><p data-pm-slice=\"1 1 &#091;&#093;\"><span>Unsere Keynotes bieten einen fundierten und zugleich inspirierenden Einstieg in die Welt der K\u00fcnstlichen Intelligenz \u2013 zugeschnitten auf Ihr Publikum, Ihre Branche und Ihre Fragen.<\/span><\/p>\n<\/div><\/div><div class=\"w-separator size_small\"><\/div><div class=\"w-tabs style_default switch_click accordion type_togglable has_scrolling\" style=\"--sections-title-size:1.2rem\"><div class=\"w-tabs-sections titles-align_none icon_chevron cpos_right\"><div class=\"w-tabs-section has_text_color\" id=\"uc89\"><button class=\"w-tabs-section-header\" aria-controls=\"content-uc89\" aria-expanded=\"false\"><p class=\"w-tabs-section-title\">Was Sie erwartet<\/p><div class=\"w-tabs-section-control\"><\/div><\/button><div  class=\"w-tabs-section-content us_custom_0f088a09\" id=\"content-uc89\"><div class=\"w-tabs-section-content-h i-cf\"><div class=\"wpb_text_column\"><div class=\"wpb_wrapper\"><ul>\n<li><span>Klar strukturierte Impulsvortr\u00e4ge mit hohem Praxisbezug<\/span><\/li>\n<li><span>Vermittlung von Grundlagen, Chancen und Risiken<\/span><\/li>\n<li><span>Inspirierende Beispiele aus Wirtschaft, Gesellschaft und Technologie<\/span><\/li>\n<li><span>Raum f\u00fcr Fragen, Austausch und Reflexion<\/span><\/li>\n<\/ul>\n<\/div><\/div><\/div><\/div><\/div><div class=\"w-tabs-section\" id=\"id7e\"><button class=\"w-tabs-section-header\" aria-controls=\"content-id7e\" aria-expanded=\"false\"><p class=\"w-tabs-section-title\">Ideal f\u00fcr<\/p><div class=\"w-tabs-section-control\"><\/div><\/button><div  class=\"w-tabs-section-content\" id=\"content-id7e\"><div class=\"w-tabs-section-content-h i-cf\"><div class=\"wpb_text_column\"><div class=\"wpb_wrapper\"><p data-pm-slice=\"1 1 &#091;&#093;\"><span>F\u00fchrungskr\u00e4fte, Teams, Verb\u00e4nde oder Events, bei denen KI als zukunftsweisendes Thema erlebbar und verst\u00e4ndlich vermittelt werden soll.<\/span><\/p>\n<\/div><\/div><\/div><\/div><\/div><div class=\"w-tabs-section\" id=\"ieac\"><button class=\"w-tabs-section-header\" aria-controls=\"content-ieac\" aria-expanded=\"false\"><p class=\"w-tabs-section-title\">Themenbeispiele<\/p><div class=\"w-tabs-section-control\"><\/div><\/button><div  class=\"w-tabs-section-content\" id=\"content-ieac\"><div class=\"w-tabs-section-content-h i-cf\"><div class=\"wpb_text_column\"><div class=\"wpb_wrapper\"><ul>\n<li><span>KI als Kulturwandel: Wie ver\u00e4ndert sich Arbeit, F\u00fchrung, Kommunikation?<\/span><\/li>\n<li><span>Zwischen Hype und Realit\u00e4t: Was KI heute wirklich kann<\/span><\/li>\n<li><span>KI &amp; Verantwortung: Was Menschlichkeit im digitalen Wandel bedeutet<\/span><\/li>\n<li><span>KI &amp; Kreativit\u00e4t: Wie Co-Kreation mit Maschinen funktioniert<\/span><\/li>\n<\/ul>\n<\/div><\/div><\/div><\/div><\/div><\/div><\/div><\/div><\/div><div class=\"wpb_column vc_column_container us_custom_4bc03a00\"><div class=\"vc_column-inner\"><div class=\"w-image align_none\"><div class=\"w-image-h\"><img decoding=\"async\" width=\"1203\" height=\"826\" src=\"https:\/\/ai-experts.network\/wp-content\/uploads\/2025\/06\/MQ_Vortrag_Publikum.jpeg\" class=\"attachment-full size-full\" alt=\"\" loading=\"lazy\" srcset=\"https:\/\/ai-experts.network\/wp-content\/uploads\/2025\/06\/MQ_Vortrag_Publikum.jpeg 1203w, https:\/\/ai-experts.network\/wp-content\/uploads\/2025\/06\/MQ_Vortrag_Publikum-300x206.jpeg 300w, https:\/\/ai-experts.network\/wp-content\/uploads\/2025\/06\/MQ_Vortrag_Publikum-1024x703.jpeg 1024w, https:\/\/ai-experts.network\/wp-content\/uploads\/2025\/06\/MQ_Vortrag_Publikum-18x12.jpeg 18w, https:\/\/ai-experts.network\/wp-content\/uploads\/2025\/06\/MQ_Vortrag_Publikum-240x165.jpeg 240w, https:\/\/ai-experts.network\/wp-content\/uploads\/2025\/06\/MQ_Vortrag_Publikum-180x124.jpeg 180w\" sizes=\"auto, (max-width: 1203px) 100vw, 1203px\" \/><\/div><\/div><div class=\"w-separator size_small\"><\/div><div class=\"wpb_text_column us_custom_2a294a82\"><div class=\"wpb_wrapper\"><p data-pm-slice=\"1 1 &#091;&#093;\"><span>Unsere Vortr\u00e4ge \u00f6ffnen neue Perspektiven und machen Lust auf Gestaltung. Ob Konferenz, Inhouse-Event oder F\u00fchrungskr\u00e4fte-Retreat \u2013 wir bringen Wissen, Haltung und Wirkung auf die B\u00fchne.<\/span><br \/>\n<span><strong>\u2192 Lassen Sie sich und Ihr Team inspirieren \u2013 sprechen Sie uns an.<\/strong><\/span><\/p>\n<\/div><\/div><div class=\"w-separator size_small\"><\/div><div class=\"w-btn-wrapper align_none\"><a class=\"w-btn us-btn-style_5 ai-btn\" href=\"\/kontakt\"><span class=\"w-btn-label\">Keynote anfragen<\/span><\/a><\/div><\/div><\/div><\/div><\/div><\/section><section class=\"l-section wpb_row us_custom_10d4c61d height_large\"><div class=\"l-section-h i-cf\"><div class=\"g-cols vc_row via_grid cols_1 laptops-cols_inherit tablets-cols_inherit mobiles-cols_1 valign_middle type_default stacking_default\"><div class=\"wpb_column vc_column_container us_custom_33b9ee00\"><div class=\"vc_column-inner\"><h6 class=\"w-text us_custom_c29f6be2 has_text_color\"><span class=\"w-text-h\"><span class=\"w-text-value\">Weitere Leistungen<\/span><\/span><\/h6><div class=\"w-separator size_small\"><\/div><\/div><\/div><\/div><\/div><\/section><section class=\"l-section wpb_row us_custom_4ef6a1c0 height_auto\"><div class=\"l-section-h i-cf\"><div class=\"g-cols vc_row via_grid cols_4 laptops-cols_inherit tablets-cols_inherit mobiles-cols_1 valign_top type_default stacking_default\" style=\"--columns-gap:1.5rem;\"><div class=\"wpb_column vc_column_container\"><div class=\"vc_column-inner\"><div class=\"w-image align_center\"><a href=\"\/ki-strategieberatung-bedarfsanalyse\" aria-label=\"pexels-fauxels-3183153\" class=\"w-image-h\"><img decoding=\"async\" width=\"2560\" height=\"1707\" src=\"https:\/\/ai-experts.network\/wp-content\/uploads\/2025\/06\/pexels-fauxels-3183153-scaled.jpg\" class=\"attachment-full size-full\" alt=\"\" loading=\"lazy\" srcset=\"https:\/\/ai-experts.network\/wp-content\/uploads\/2025\/06\/pexels-fauxels-3183153-scaled.jpg 2560w, https:\/\/ai-experts.network\/wp-content\/uploads\/2025\/06\/pexels-fauxels-3183153-300x200.jpg 300w, https:\/\/ai-experts.network\/wp-content\/uploads\/2025\/06\/pexels-fauxels-3183153-1024x683.jpg 1024w, https:\/\/ai-experts.network\/wp-content\/uploads\/2025\/06\/pexels-fauxels-3183153-18x12.jpg 18w, https:\/\/ai-experts.network\/wp-content\/uploads\/2025\/06\/pexels-fauxels-3183153-240x160.jpg 240w, https:\/\/ai-experts.network\/wp-content\/uploads\/2025\/06\/pexels-fauxels-3183153-180x120.jpg 180w\" sizes=\"auto, (max-width: 2560px) 100vw, 2560px\" \/><\/a><\/div><div class=\"w-separator size_small\"><\/div><h4 class=\"w-text us_custom_ab90e6f7\"><a href=\"\/ki-strategieberatung-bedarfsanalyse\" class=\"w-text-h\"><span class=\"w-text-value\">Strategieberatung und Bedarfsanalyse<\/span><\/a><\/h4><\/div><\/div><div class=\"wpb_column vc_column_container\"><div class=\"vc_column-inner\"><div class=\"w-image align_center\"><a href=\"\/ki-workshops-kompetenzaufbau\" aria-label=\"Group of businesspeople brainstorming new ideas\" class=\"w-image-h\"><img decoding=\"async\" width=\"1024\" height=\"683\" src=\"https:\/\/ai-experts.network\/wp-content\/uploads\/2025\/03\/istockphoto-1027724108-1024x1024-1.jpg\" class=\"attachment-full size-full\" alt=\"\" loading=\"lazy\" srcset=\"https:\/\/ai-experts.network\/wp-content\/uploads\/2025\/03\/istockphoto-1027724108-1024x1024-1.jpg 1024w, https:\/\/ai-experts.network\/wp-content\/uploads\/2025\/03\/istockphoto-1027724108-1024x1024-1-300x200.jpg 300w, https:\/\/ai-experts.network\/wp-content\/uploads\/2025\/03\/istockphoto-1027724108-1024x1024-1-18x12.jpg 18w, https:\/\/ai-experts.network\/wp-content\/uploads\/2025\/03\/istockphoto-1027724108-1024x1024-1-240x160.jpg 240w, https:\/\/ai-experts.network\/wp-content\/uploads\/2025\/03\/istockphoto-1027724108-1024x1024-1-180x120.jpg 180w\" sizes=\"auto, (max-width: 1024px) 100vw, 1024px\" \/><\/a><\/div><div class=\"w-separator size_small\"><\/div><h4 class=\"w-text us_custom_ab90e6f7\"><a href=\"\/ki-workshops-kompetenzaufbau\" class=\"w-text-h\"><span class=\"w-text-value\">Workshops und Wissen<\/span><\/a><\/h4><\/div><\/div><div class=\"wpb_column vc_column_container\"><div class=\"vc_column-inner\"><div class=\"w-image align_center\"><a href=\"\/ki-umsetzung-automatisierung\" aria-label=\"pexels-fauxels-3183150\" class=\"w-image-h\"><img decoding=\"async\" width=\"2560\" height=\"1708\" src=\"https:\/\/ai-experts.network\/wp-content\/uploads\/2025\/06\/pexels-fauxels-3183150-scaled.jpg\" class=\"attachment-full size-full\" alt=\"\" loading=\"lazy\" srcset=\"https:\/\/ai-experts.network\/wp-content\/uploads\/2025\/06\/pexels-fauxels-3183150-scaled.jpg 2560w, https:\/\/ai-experts.network\/wp-content\/uploads\/2025\/06\/pexels-fauxels-3183150-300x200.jpg 300w, https:\/\/ai-experts.network\/wp-content\/uploads\/2025\/06\/pexels-fauxels-3183150-1024x683.jpg 1024w, https:\/\/ai-experts.network\/wp-content\/uploads\/2025\/06\/pexels-fauxels-3183150-18x12.jpg 18w, https:\/\/ai-experts.network\/wp-content\/uploads\/2025\/06\/pexels-fauxels-3183150-240x160.jpg 240w, https:\/\/ai-experts.network\/wp-content\/uploads\/2025\/06\/pexels-fauxels-3183150-180x120.jpg 180w\" sizes=\"auto, (max-width: 2560px) 100vw, 2560px\" \/><\/a><\/div><div class=\"w-separator size_small\"><\/div><h4 class=\"w-text us_custom_ab90e6f7\"><a href=\"\/ki-umsetzung-automatisierung\" class=\"w-text-h\"><span class=\"w-text-value\">Umsetzung und Automatisierung<\/span><\/a><\/h4><\/div><\/div><div class=\"wpb_column vc_column_container\"><div class=\"vc_column-inner\"><div class=\"w-image align_center\"><a href=\"\/ki-executive-coaching-change\" aria-label=\"pexels-pavel-danilyuk-8985507\" class=\"w-image-h\"><img decoding=\"async\" width=\"2560\" height=\"1709\" src=\"https:\/\/ai-experts.network\/wp-content\/uploads\/2025\/06\/pexels-pavel-danilyuk-8985507-scaled.jpg\" class=\"attachment-full size-full\" alt=\"\" loading=\"lazy\" srcset=\"https:\/\/ai-experts.network\/wp-content\/uploads\/2025\/06\/pexels-pavel-danilyuk-8985507-scaled.jpg 2560w, https:\/\/ai-experts.network\/wp-content\/uploads\/2025\/06\/pexels-pavel-danilyuk-8985507-300x200.jpg 300w, https:\/\/ai-experts.network\/wp-content\/uploads\/2025\/06\/pexels-pavel-danilyuk-8985507-1024x684.jpg 1024w, https:\/\/ai-experts.network\/wp-content\/uploads\/2025\/06\/pexels-pavel-danilyuk-8985507-18x12.jpg 18w, https:\/\/ai-experts.network\/wp-content\/uploads\/2025\/06\/pexels-pavel-danilyuk-8985507-240x160.jpg 240w, https:\/\/ai-experts.network\/wp-content\/uploads\/2025\/06\/pexels-pavel-danilyuk-8985507-180x120.jpg 180w\" sizes=\"auto, (max-width: 2560px) 100vw, 2560px\" \/><\/a><\/div><div class=\"w-separator size_small\"><\/div><h4 class=\"w-text us_custom_ab90e6f7\"><a href=\"\/ki-executive-coaching-change\" class=\"w-text-h\"><span class=\"w-text-value\">Change und Coaching<\/span><\/a><\/h4><\/div><\/div><\/div><\/div><\/section><section class=\"l-section wpb_row us_custom_f0aa17ea height_auto\"><div class=\"l-section-h i-cf\"><div class=\"g-cols vc_row via_grid cols_1 laptops-cols_inherit tablets-cols_inherit mobiles-cols_1 valign_top type_default stacking_default\"><div class=\"wpb_column vc_column_container\"><div class=\"vc_column-inner\"><section class=\"l-section wpb_row us_custom_0a6e70fd height_large\"><div class=\"l-section-h i-cf\"><div class=\"g-cols vc_row via_grid cols_1 laptops-cols_inherit tablets-cols_inherit mobiles-cols_1 valign_bottom type_default stacking_default\" style=\"--columns-gap:1rem;\"><div class=\"wpb_column vc_column_container us_custom_2c45f91b\"><div class=\"vc_column-inner\"><h6 class=\"w-text us_custom_51f5b77c has_text_color\"><span class=\"w-text-h\"><span class=\"w-text-value\">K\u00fcnstliche Intelligenz sicher starten \u2013 mit unseren zertifizierten und erfahrenen Expert*innen<\/span><\/span><\/h6><div class=\"w-separator size_small\"><\/div><div class=\"g-cols wpb_row via_grid cols_2 laptops-cols_inherit tablets-cols_inherit mobiles-cols_1 valign_middle type_default stacking_default\" style=\"--columns-gap:1rem;\"><div class=\"wpb_column vc_column_container\"><div class=\"vc_column-inner\"><div class=\"w-btn-wrapper align_center\"><button class=\"w-btn us-btn-style_1 ai-btn us_custom_a5d13c4e popmake-231 has_text_color\"><span class=\"w-btn-label\">\ud83d\udc49\ud83c\udffc KI-Einstieg und Grundlagen<\/span><\/button><\/div><\/div><\/div><div class=\"wpb_column vc_column_container\"><div class=\"vc_column-inner\"><div class=\"w-btn-wrapper align_center\"><button class=\"w-btn us-btn-style_1 ai-btn us_custom_04e83dbc popmake-238 has_text_color\"><span class=\"w-btn-label\">\ud83d\udc49\ud83c\udffc KI-Strategie und Projekte<\/span><\/button><\/div><\/div><\/div><\/div><\/div><\/div><\/div><\/div><\/section>\n<div class=\"w-separator size_large\"><\/div><\/div><\/div><\/div><\/div><\/section>\n","protected":false},"excerpt":{"rendered":"Keynotes und Vortr\u00e4ge K\u00fcnstliche Intelligenz verstehen, erleben, gestalten Unsere Keynotes bieten einen fundierten und zugleich inspirierenden Einstieg in die Welt der K\u00fcnstlichen Intelligenz \u2013 zugeschnitten auf Ihr Publikum, Ihre Branche und Ihre Fragen. Was Sie erwartet Klar strukturierte Impulsvortr\u00e4ge mit hohem Praxisbezug Vermittlung von Grundlagen, Chancen und Risiken Inspirierende Beispiele aus Wirtschaft, Gesellschaft und Technologie...","protected":false},"author":2,"featured_media":0,"parent":0,"menu_order":0,"comment_status":"closed","ping_status":"closed","template":"","meta":{"_acf_changed":false,"footnotes":""},"class_list":["post-423","page","type-page","status-publish","hentry"],"acf":[],"_links":{"self":[{"href":"https:\/\/ai-experts.network\/de\/wp-json\/wp\/v2\/pages\/423","targetHints":{"allow":["GET"]}}],"collection":[{"href":"https:\/\/ai-experts.network\/de\/wp-json\/wp\/v2\/pages"}],"about":[{"href":"https:\/\/ai-experts.network\/de\/wp-json\/wp\/v2\/types\/page"}],"author":[{"embeddable":true,"href":"https:\/\/ai-experts.network\/de\/wp-json\/wp\/v2\/users\/2"}],"replies":[{"embeddable":true,"href":"https:\/\/ai-experts.network\/de\/wp-json\/wp\/v2\/comments?post=423"}],"version-history":[{"count":6,"href":"https:\/\/ai-experts.network\/de\/wp-json\/wp\/v2\/pages\/423\/revisions"}],"predecessor-version":[{"id":1031,"href":"https:\/\/ai-experts.network\/de\/wp-json\/wp\/v2\/pages\/423\/revisions\/1031"}],"wp:attachment":[{"href":"https:\/\/ai-experts.network\/de\/wp-json\/wp\/v2\/media?parent=423"}],"curies":[{"name":"wp","href":"https:\/\/api.w.org\/{rel}","templated":true}]}}