{"id":351,"date":"2025-03-31T14:39:34","date_gmt":"2025-03-31T14:39:34","guid":{"rendered":"https:\/\/ai-experts.network\/?page_id=351"},"modified":"2025-07-30T20:46:03","modified_gmt":"2025-07-30T20:46:03","slug":"unser-ansatz","status":"publish","type":"page","link":"https:\/\/ai-experts.network\/de\/unser-ansatz\/","title":{"rendered":"Unser Ansatz"},"content":{"rendered":"<section class=\"l-section wpb_row us_custom_f0aa17ea height_large\"><div class=\"l-section-h i-cf\"><div class=\"g-cols vc_row via_grid cols_2 laptops-cols_inherit tablets-cols_1 mobiles-cols_1 valign_top type_default stacking_default\"><div class=\"wpb_column vc_column_container\"><div class=\"vc_column-inner\"><div class=\"wpb_text_column us_custom_4e55af8d has_text_color\"><div class=\"wpb_wrapper\"><h4>Unser Ansatz<\/h4>\n<\/div><\/div><div class=\"w-separator size_medium\"><\/div><div class=\"wpb_text_column us_custom_0f088a09 has_text_color\"><div class=\"wpb_wrapper\"><h3>KI lernt aus Daten.<br \/>\nWir aus Erfahrung.<\/h3>\n<\/div><\/div><div class=\"w-separator size_small\"><\/div><div class=\"wpb_text_column\"><div class=\"wpb_wrapper\"><p class=\"p1\"><span class=\"s1\"><b>ai-experts.network<\/b><\/span> ist das f\u00fchrende Netzwerk zertifizierter KI-Trainerinnen und -Beraterinnen in Deutschland und Europa.<\/p>\n<p class=\"p1\"><b>Unser Anspruch<br \/><\/b><b><\/b>K\u00fcnstliche Intelligenz verantwortungsvoll, wirksam und menschenzentriert gestalten \u2013 im Einklang mit technologischen M\u00f6glichkeiten, Kommunikation und organisationalem Wandel.<\/p>\n<p class=\"p1\"><b>Ihr Vorteil<br \/><\/b><\/p>\n<p class=\"p1\">Sie erhalten alle Leistungen rund um KI aus einer Hand: Unser Netzwerk vereint zertifizierte Expert*innen aus IT, Business Intelligence, Projektmanagement, Change Management, Kommunikation und Business Development \u2013 interdisziplin\u00e4r, erfahren und T\u00dcV-Rheinland-zertifiziert.<\/p>\n<p class=\"p1\">Wir unterst\u00fctzen Sie dabei, KI fundiert in Ihre Strukturen, Prozesse und Teams zu integrieren \u2013 mit Grundlagen-Workshops, Strategieentwicklung, Change-Kommunikation, Trainings und fachlicher Begleitung in der operativen Umsetzung.<\/p>\n<p class=\"p1\">\u00a0<\/p>\n<\/div><\/div><\/div><\/div><div class=\"wpb_column vc_column_container us_custom_4bc03a00\"><div class=\"vc_column-inner\"><div class=\"w-image align_none\"><div class=\"w-image-h\"><img decoding=\"async\" width=\"1920\" height=\"1192\" src=\"https:\/\/ai-experts.network\/wp-content\/uploads\/2025\/03\/iStock-1213740873.png\" class=\"attachment-full size-full\" alt=\"\" loading=\"lazy\" srcset=\"https:\/\/ai-experts.network\/wp-content\/uploads\/2025\/03\/iStock-1213740873.png 1920w, https:\/\/ai-experts.network\/wp-content\/uploads\/2025\/03\/iStock-1213740873-300x186.png 300w, https:\/\/ai-experts.network\/wp-content\/uploads\/2025\/03\/iStock-1213740873-1024x636.png 1024w, https:\/\/ai-experts.network\/wp-content\/uploads\/2025\/03\/iStock-1213740873-18x12.png 18w, https:\/\/ai-experts.network\/wp-content\/uploads\/2025\/03\/iStock-1213740873-240x149.png 240w, https:\/\/ai-experts.network\/wp-content\/uploads\/2025\/03\/iStock-1213740873-180x112.png 180w\" sizes=\"auto, (max-width: 1920px) 100vw, 1920px\" \/><\/div><\/div><div class=\"wpb_text_column\"><div class=\"wpb_wrapper\"><p class=\"p2\">Gerade jetzt, wo viele Unternehmen Potenziale erkennen, aber beim \u201eWie\u201c noch z\u00f6gern, braucht es Partner, die Orientierung geben, Vertrauen st\u00e4rken und tragf\u00e4hige L\u00f6sungen bieten.<\/p>\n<p class=\"p1\"><b>Unsere \u00dcberzeugung<br \/><\/b><\/p>\n<p class=\"p1\">KI entfaltet nur dann echten Mehrwert, wenn sie im Einklang mit unternehmerischen Zielen, menschlicher Zusammenarbeit und ethischer Verantwortung entwickelt wird. Daf\u00fcr stehen wir \u2013 mit geb\u00fcndelter Kompetenz, Qualit\u00e4t und Haltung.<b><\/b><\/p>\n<p class=\"p2\">Lassen Sie uns ins Gespr\u00e4ch kommen.<b><br \/><span class=\"s1\">\u2192 <\/span>Jetzt kostenloses Erstgespr\u00e4ch vereinbaren.<\/b><\/p>\n<\/div><\/div><div class=\"w-separator size_small\"><\/div><div class=\"w-separator size_small\"><\/div><div class=\"w-btn-wrapper align_none\"><a class=\"w-btn us-btn-style_5 ai-btn\" href=\"\/kontakt\"><span class=\"w-btn-label\">Kontakt<\/span><\/a><\/div><\/div><\/div><\/div><\/div><\/section><section class=\"l-section wpb_row us_custom_10d4c61d height_large\"><div class=\"l-section-h i-cf\"><div class=\"g-cols vc_row via_grid cols_1 laptops-cols_inherit tablets-cols_inherit mobiles-cols_1 valign_middle type_default stacking_default\"><div class=\"wpb_column vc_column_container us_custom_33b9ee00\"><div class=\"vc_column-inner\"><h6 class=\"w-text us_custom_c29f6be2 has_text_color\"><span class=\"w-text-h\"><span class=\"w-text-value\">Unsere werte<\/span><\/span><\/h6><div class=\"w-separator size_small\"><\/div><div class=\"wpb_text_column us_custom_2dfeed9f has_text_color\"><div class=\"wpb_wrapper\"><p>Wir gestalten KI mit Weitblick und Pr\u00e4zision \u2013 f\u00fcr nachhaltige, wirkungsvolle L\u00f6sungen. Mit fundierter Expertise und starkem Netzwerk schaffen wir zukunftsf\u00e4hige Innovationen. Dazu stehen vier Werte im Zentrum unseres Handelns:<\/p>\n<\/div><\/div><\/div><\/div><\/div><\/div><\/section><section class=\"l-section wpb_row us_custom_4ef6a1c0 height_auto\"><div class=\"l-section-h i-cf\"><div class=\"g-cols vc_row via_grid cols_4 laptops-cols_inherit tablets-cols_inherit mobiles-cols_1 valign_bottom type_default stacking_default\"><div class=\"wpb_column vc_column_container\"><div class=\"vc_column-inner\"><div class=\"w-image align_center\"><div class=\"w-image-h\"><img decoding=\"async\" width=\"180\" height=\"177\" src=\"https:\/\/ai-experts.network\/wp-content\/uploads\/2025\/03\/Verantwortung-1.png\" class=\"attachment-us_180_180 size-us_180_180\" alt=\"\" loading=\"lazy\" srcset=\"https:\/\/ai-experts.network\/wp-content\/uploads\/2025\/03\/Verantwortung-1.png 279w, https:\/\/ai-experts.network\/wp-content\/uploads\/2025\/03\/Verantwortung-1-12x12.png 12w, https:\/\/ai-experts.network\/wp-content\/uploads\/2025\/03\/Verantwortung-1-240x236.png 240w, https:\/\/ai-experts.network\/wp-content\/uploads\/2025\/03\/Verantwortung-1-180x177.png 180w\" sizes=\"auto, (max-width: 180px) 100vw, 180px\" \/><\/div><\/div><div class=\"w-separator size_small\"><\/div><h4 class=\"w-text us_custom_eb849559\"><span class=\"w-text-h\"><span class=\"w-text-value\">Verantwortung<\/span><\/span><\/h4><\/div><\/div><div class=\"wpb_column vc_column_container\"><div class=\"vc_column-inner\"><div class=\"w-image align_center\"><div class=\"w-image-h\"><img decoding=\"async\" width=\"240\" height=\"240\" src=\"https:\/\/ai-experts.network\/wp-content\/uploads\/2025\/04\/Exzellenz.svg\" class=\"attachment-us_240_240 size-us_240_240\" alt=\"\" loading=\"lazy\" \/><\/div><\/div><div class=\"w-separator size_small\"><\/div><h4 class=\"w-text us_custom_eb849559\"><span class=\"w-text-h\"><span class=\"w-text-value\">Exzellenz<\/span><\/span><\/h4><\/div><\/div><div class=\"wpb_column vc_column_container\"><div class=\"vc_column-inner\"><div class=\"w-image align_center\"><div class=\"w-image-h\"><img decoding=\"async\" width=\"240\" height=\"240\" src=\"https:\/\/ai-experts.network\/wp-content\/uploads\/2025\/04\/Nachhaltigkeit.svg\" class=\"attachment-us_240_240 size-us_240_240\" alt=\"\" loading=\"lazy\" \/><\/div><\/div><div class=\"w-separator size_small\"><\/div><h4 class=\"w-text us_custom_eb849559\"><span class=\"w-text-h\"><span class=\"w-text-value\">Nachhaltigkeit<\/span><\/span><\/h4><\/div><\/div><div class=\"wpb_column vc_column_container\"><div class=\"vc_column-inner\"><div class=\"w-image align_center\"><div class=\"w-image-h\"><img decoding=\"async\" width=\"240\" height=\"240\" src=\"https:\/\/ai-experts.network\/wp-content\/uploads\/2025\/04\/Kollaboration.svg\" class=\"attachment-us_240_240 size-us_240_240\" alt=\"\" loading=\"lazy\" \/><\/div><\/div><div class=\"w-separator size_small\"><\/div><h4 class=\"w-text us_custom_eb849559\"><span class=\"w-text-h\"><span class=\"w-text-value\">Kollaboration<\/span><\/span><\/h4><\/div><\/div><\/div><\/div><\/section><section class=\"l-section wpb_row us_custom_f0aa17ea height_auto\"><div class=\"l-section-h i-cf\"><div class=\"g-cols vc_row via_grid cols_1 laptops-cols_inherit tablets-cols_inherit mobiles-cols_1 valign_top type_default stacking_default\"><div class=\"wpb_column vc_column_container\"><div class=\"vc_column-inner\"><section class=\"l-section wpb_row us_custom_0a6e70fd height_large\"><div class=\"l-section-h i-cf\"><div class=\"g-cols vc_row via_grid cols_1 laptops-cols_inherit tablets-cols_inherit mobiles-cols_1 valign_bottom type_default stacking_default\" style=\"--columns-gap:1rem;\"><div class=\"wpb_column vc_column_container us_custom_2c45f91b\"><div class=\"vc_column-inner\"><h6 class=\"w-text us_custom_51f5b77c has_text_color\"><span class=\"w-text-h\"><span class=\"w-text-value\">K\u00fcnstliche Intelligenz sicher starten \u2013 mit unseren zertifizierten und erfahrenen Expert*innen<\/span><\/span><\/h6><div class=\"w-separator size_small\"><\/div><div class=\"g-cols wpb_row via_grid cols_2 laptops-cols_inherit tablets-cols_inherit mobiles-cols_1 valign_middle type_default stacking_default\" style=\"--columns-gap:1rem;\"><div class=\"wpb_column vc_column_container\"><div class=\"vc_column-inner\"><div class=\"w-btn-wrapper align_center\"><button class=\"w-btn us-btn-style_1 ai-btn us_custom_a5d13c4e popmake-231 has_text_color\"><span class=\"w-btn-label\">\ud83d\udc49\ud83c\udffc KI-Einstieg und Grundlagen<\/span><\/button><\/div><\/div><\/div><div class=\"wpb_column vc_column_container\"><div class=\"vc_column-inner\"><div class=\"w-btn-wrapper align_center\"><button class=\"w-btn us-btn-style_1 ai-btn us_custom_04e83dbc popmake-238 has_text_color\"><span class=\"w-btn-label\">\ud83d\udc49\ud83c\udffc KI-Strategie und Projekte<\/span><\/button><\/div><\/div><\/div><\/div><\/div><\/div><\/div><\/div><\/section>\n<div class=\"w-separator size_large\"><\/div><\/div><\/div><\/div><\/div><\/section>\n","protected":false},"excerpt":{"rendered":"Unser Ansatz KI lernt aus Daten. Wir aus Erfahrung. ai-experts.network ist das f\u00fchrende Netzwerk zertifizierter KI-Trainerinnen und -Beraterinnen in Deutschland und Europa. Unser AnspruchK\u00fcnstliche Intelligenz verantwortungsvoll, wirksam und menschenzentriert gestalten \u2013 im Einklang mit technologischen M\u00f6glichkeiten, Kommunikation und organisationalem Wandel. Ihr Vorteil Sie erhalten alle Leistungen rund um KI aus einer Hand: Unser Netzwerk vereint...","protected":false},"author":1,"featured_media":0,"parent":0,"menu_order":0,"comment_status":"closed","ping_status":"closed","template":"","meta":{"_acf_changed":false,"footnotes":""},"class_list":["post-351","page","type-page","status-publish","hentry"],"acf":[],"_links":{"self":[{"href":"https:\/\/ai-experts.network\/de\/wp-json\/wp\/v2\/pages\/351","targetHints":{"allow":["GET"]}}],"collection":[{"href":"https:\/\/ai-experts.network\/de\/wp-json\/wp\/v2\/pages"}],"about":[{"href":"https:\/\/ai-experts.network\/de\/wp-json\/wp\/v2\/types\/page"}],"author":[{"embeddable":true,"href":"https:\/\/ai-experts.network\/de\/wp-json\/wp\/v2\/users\/1"}],"replies":[{"embeddable":true,"href":"https:\/\/ai-experts.network\/de\/wp-json\/wp\/v2\/comments?post=351"}],"version-history":[{"count":6,"href":"https:\/\/ai-experts.network\/de\/wp-json\/wp\/v2\/pages\/351\/revisions"}],"predecessor-version":[{"id":1019,"href":"https:\/\/ai-experts.network\/de\/wp-json\/wp\/v2\/pages\/351\/revisions\/1019"}],"wp:attachment":[{"href":"https:\/\/ai-experts.network\/de\/wp-json\/wp\/v2\/media?parent=351"}],"curies":[{"name":"wp","href":"https:\/\/api.w.org\/{rel}","templated":true}]}}